{"id":3050,"date":"2019-12-15T13:24:06","date_gmt":"2019-12-15T12:24:06","guid":{"rendered":"https:\/\/tuszuj.pl\/?page_id=3050"},"modified":"2021-04-14T08:29:17","modified_gmt":"2021-04-14T06:29:17","slug":"dane-kontaktowe","status":"publish","type":"page","link":"https:\/\/tuszuj.pl\/?page_id=3050","title":{"rendered":"Dane kontaktowe"},"content":{"rendered":"<p><!--StartFragment--><\/p>\n\n\n<p>PPHU Pinezka\nIwona Krawczyk z siedzib\u0105 w Tomaszowie Mazowieckim <\/p>\n\n\n\n<p>przy ul.\nhrabiego Tomasza Ostrowskiego 12, 97-200 Tomasz\u00f3w Mazowiecki, <\/p>\n\n\n\n<p>NIP\n773-145-49-72, Regon 590714277, <\/p>\n\n\n\n<p>za\npo\u015brednictwem sklepu internetowego <a href=\"http:\/\/www.tuszuj.pl\">www.tuszuj.pl<\/a> <\/p>\n\n\n\n<p><strong>Dane\nkontaktowe:<\/strong><\/p>\n\n\n\n<p>&#8211; Adres\nemail: <a href=\"mailto:biuro@tuszuj.pl\">biuro@tuszuj.pl<\/a><\/p>\n\n\n\n<p>&#8211; Numery telefon\u00f3w: +48 793 87 85 28<\/p>\n\n\n\n<p>&#8211; Biuro\nczynne:&nbsp; poniedzia\u0142ek \u2013 pi\u0105tek 8.00 \u2013\n16.00, <\/p>\n\n\n<p><!--EndFragment--><\/p>","protected":false},"excerpt":{"rendered":"<p>PPHU Pinezka Iwona Krawczyk z siedzib\u0105 w Tomaszowie Mazowieckim przy ul. hrabiego Tomasza Ostrowskiego 12, 97-200 Tomasz\u00f3w Mazowiecki, NIP 773-145-49-72, Regon 590714277, za po\u015brednictwem sklepu internetowego www.tuszuj.pl Dane kontaktowe: &#8211; Adres email: biuro@tuszuj.pl &#8211; Numery telefon\u00f3w: +48 793 87 85 28 &#8211; Biuro czynne:&nbsp; poniedzia\u0142ek \u2013 pi\u0105tek 8.00 \u2013 16.00,<\/p>\n","protected":false},"author":1,"featured_media":0,"parent":0,"menu_order":0,"comment_status":"closed","ping_status":"closed","template":"","meta":{"jetpack_post_was_ever_published":false,"footnotes":""},"jetpack_sharing_enabled":true,"jetpack_shortlink":"https:\/\/wp.me\/PaOFwl-Nc","_links":{"self":[{"href":"https:\/\/tuszuj.pl\/index.php?rest_route=\/wp\/v2\/pages\/3050"}],"collection":[{"href":"https:\/\/tuszuj.pl\/index.php?rest_route=\/wp\/v2\/pages"}],"about":[{"href":"https:\/\/tuszuj.pl\/index.php?rest_route=\/wp\/v2\/types\/page"}],"author":[{"embeddable":true,"href":"https:\/\/tuszuj.pl\/index.php?rest_route=\/wp\/v2\/users\/1"}],"replies":[{"embeddable":true,"href":"https:\/\/tuszuj.pl\/index.php?rest_route=%2Fwp%2Fv2%2Fcomments&post=3050"}],"version-history":[{"count":2,"href":"https:\/\/tuszuj.pl\/index.php?rest_route=\/wp\/v2\/pages\/3050\/revisions"}],"predecessor-version":[{"id":25309,"href":"https:\/\/tuszuj.pl\/index.php?rest_route=\/wp\/v2\/pages\/3050\/revisions\/25309"}],"wp:attachment":[{"href":"https:\/\/tuszuj.pl\/index.php?rest_route=%2Fwp%2Fv2%2Fmedia&parent=3050"}],"curies":[{"name":"wp","href":"https:\/\/api.w.org\/{rel}","templated":true}]}}