{"id":14815,"date":"2020-03-29T19:27:05","date_gmt":"2020-03-29T17:27:05","guid":{"rendered":"https:\/\/tuszuj.pl\/?product=import-placeholder-for-7981"},"modified":"2022-05-27T09:57:54","modified_gmt":"2022-05-27T07:57:54","slug":"toner-jetworld-czarny-brother-tn1090-zamiennik-tn-1090","status":"publish","type":"product","link":"https:\/\/tuszuj.pl\/?product=toner-jetworld-czarny-brother-tn1090-zamiennik-tn-1090","title":{"rendered":"Toner JetWorld Czarny Brother TN1090 zamiennik TN-1090"},"content":{"rendered":"<p>Kolor: czarny<br \/>\nWydajno\u015b\u0107: 1500<br \/>\nKompatybilno\u015b\u0107: DCP-1622WE, Brother DCP-1623WE, Brother HL-1222WE, Brother HL-1223WE<\/p>\n","protected":false},"excerpt":{"rendered":"<p>Kolor: czarny Wydajno\u015b\u0107: 1500 Kompatybilno\u015b\u0107: DCP-1622WE, Brother DCP-1623WE, Brother HL-1222WE, Brother HL-1223WE<\/p>\n","protected":false},"featured_media":4226,"template":"","meta":{"jetpack_post_was_ever_published":false,"jetpack_publicize_message":"","jetpack_publicize_feature_enabled":true,"jetpack_social_post_already_shared":true,"jetpack_social_options":{"image_generator_settings":{"template":"highway","enabled":false}}},"product_cat":[200,226,203],"product_tag":[],"jetpack_publicize_connections":[],"jetpack_sharing_enabled":true,"_links":{"self":[{"href":"https:\/\/tuszuj.pl\/index.php?rest_route=\/wp\/v2\/product\/14815"}],"collection":[{"href":"https:\/\/tuszuj.pl\/index.php?rest_route=\/wp\/v2\/product"}],"about":[{"href":"https:\/\/tuszuj.pl\/index.php?rest_route=\/wp\/v2\/types\/product"}],"wp:featuredmedia":[{"embeddable":true,"href":"https:\/\/tuszuj.pl\/index.php?rest_route=\/wp\/v2\/media\/4226"}],"wp:attachment":[{"href":"https:\/\/tuszuj.pl\/index.php?rest_route=%2Fwp%2Fv2%2Fmedia&parent=14815"}],"wp:term":[{"taxonomy":"product_cat","embeddable":true,"href":"https:\/\/tuszuj.pl\/index.php?rest_route=%2Fwp%2Fv2%2Fproduct_cat&post=14815"},{"taxonomy":"product_tag","embeddable":true,"href":"https:\/\/tuszuj.pl\/index.php?rest_route=%2Fwp%2Fv2%2Fproduct_tag&post=14815"}],"curies":[{"name":"wp","href":"https:\/\/api.w.org\/{rel}","templated":true}]}}