{"id":14823,"date":"2020-03-29T19:27:38","date_gmt":"2020-03-29T17:27:38","guid":{"rendered":"https:\/\/tuszuj.pl\/?product=import-placeholder-for-7989"},"modified":"2022-05-24T17:00:56","modified_gmt":"2022-05-24T15:00:56","slug":"toner-jetworld-czarny-brother-tn2010-zamiennik-tn-2010","status":"publish","type":"product","link":"https:\/\/tuszuj.pl\/?product=toner-jetworld-czarny-brother-tn2010-zamiennik-tn-2010","title":{"rendered":"Toner JetWorld Czarny Brother TN2010  zamiennik TN-2010"},"content":{"rendered":"<p>Kolor: czarny<br \/>\nWydajno\u015b\u0107: 3000<br \/>\nKompatybilno\u015b\u0107: Brother HL-2130, Brother HL-2135W, Brother DCP-7055, Brother DCP-7055W, Brother DCP-7057E<\/p>\n","protected":false},"excerpt":{"rendered":"<p>Kolor: czarny Wydajno\u015b\u0107: 3000 Kompatybilno\u015b\u0107: Brother HL-2130, Brother HL-2135W, Brother DCP-7055, Brother DCP-7055W, Brother DCP-7057E<\/p>\n","protected":false},"featured_media":7656,"template":"","meta":{"jetpack_post_was_ever_published":false,"jetpack_publicize_message":"","jetpack_publicize_feature_enabled":true,"jetpack_social_post_already_shared":true,"jetpack_social_options":{"image_generator_settings":{"template":"highway","enabled":false}}},"product_cat":[200,226,203],"product_tag":[],"jetpack_publicize_connections":[],"jetpack_sharing_enabled":true,"_links":{"self":[{"href":"https:\/\/tuszuj.pl\/index.php?rest_route=\/wp\/v2\/product\/14823"}],"collection":[{"href":"https:\/\/tuszuj.pl\/index.php?rest_route=\/wp\/v2\/product"}],"about":[{"href":"https:\/\/tuszuj.pl\/index.php?rest_route=\/wp\/v2\/types\/product"}],"wp:featuredmedia":[{"embeddable":true,"href":"https:\/\/tuszuj.pl\/index.php?rest_route=\/wp\/v2\/media\/7656"}],"wp:attachment":[{"href":"https:\/\/tuszuj.pl\/index.php?rest_route=%2Fwp%2Fv2%2Fmedia&parent=14823"}],"wp:term":[{"taxonomy":"product_cat","embeddable":true,"href":"https:\/\/tuszuj.pl\/index.php?rest_route=%2Fwp%2Fv2%2Fproduct_cat&post=14823"},{"taxonomy":"product_tag","embeddable":true,"href":"https:\/\/tuszuj.pl\/index.php?rest_route=%2Fwp%2Fv2%2Fproduct_tag&post=14823"}],"curies":[{"name":"wp","href":"https:\/\/api.w.org\/{rel}","templated":true}]}}