{"id":14824,"date":"2020-03-29T19:27:39","date_gmt":"2020-03-29T17:27:39","guid":{"rendered":"https:\/\/tuszuj.pl\/?product=import-placeholder-for-7990"},"modified":"2022-05-27T10:07:57","modified_gmt":"2022-05-27T08:07:57","slug":"toner-jetworld-czarny-brother-tn2120-zamiennik-tn-2120-tn2110","status":"publish","type":"product","link":"https:\/\/tuszuj.pl\/?product=toner-jetworld-czarny-brother-tn2120-zamiennik-tn-2120-tn2110","title":{"rendered":"Toner JetWorld Czarny Brother TN2120 zamiennik TN-2120 3K"},"content":{"rendered":"<p>Kolor: czarny<br \/>\nWydajno\u015b\u0107: 3000<br \/>\nKompatybilno\u015b\u0107: Brother DCP-7030, Brother DCP-7040, Brother DCP-7045N, Brother HL-2140, Brother HL-2150N, Brother HL-2170W, Brother MFC-7320, Brother MFC-7440N, Brother MFC-7840W<\/p>\n","protected":false},"excerpt":{"rendered":"<p>Kolor: czarny Wydajno\u015b\u0107: 3000 Kompatybilno\u015b\u0107: Brother DCP-7030, Brother DCP-7040, Brother DCP-7045N, Brother HL-2140, Brother HL-2150N, Brother HL-2170W, Brother MFC-7320, Brother MFC-7440N, Brother MFC-7840W<\/p>\n","protected":false},"featured_media":7656,"template":"","meta":{"jetpack_post_was_ever_published":false,"jetpack_publicize_message":"","jetpack_publicize_feature_enabled":true,"jetpack_social_post_already_shared":true,"jetpack_social_options":{"image_generator_settings":{"template":"highway","enabled":false}}},"product_cat":[200,226,203],"product_tag":[],"jetpack_publicize_connections":[],"jetpack_sharing_enabled":true,"_links":{"self":[{"href":"https:\/\/tuszuj.pl\/index.php?rest_route=\/wp\/v2\/product\/14824"}],"collection":[{"href":"https:\/\/tuszuj.pl\/index.php?rest_route=\/wp\/v2\/product"}],"about":[{"href":"https:\/\/tuszuj.pl\/index.php?rest_route=\/wp\/v2\/types\/product"}],"wp:featuredmedia":[{"embeddable":true,"href":"https:\/\/tuszuj.pl\/index.php?rest_route=\/wp\/v2\/media\/7656"}],"wp:attachment":[{"href":"https:\/\/tuszuj.pl\/index.php?rest_route=%2Fwp%2Fv2%2Fmedia&parent=14824"}],"wp:term":[{"taxonomy":"product_cat","embeddable":true,"href":"https:\/\/tuszuj.pl\/index.php?rest_route=%2Fwp%2Fv2%2Fproduct_cat&post=14824"},{"taxonomy":"product_tag","embeddable":true,"href":"https:\/\/tuszuj.pl\/index.php?rest_route=%2Fwp%2Fv2%2Fproduct_tag&post=14824"}],"curies":[{"name":"wp","href":"https:\/\/api.w.org\/{rel}","templated":true}]}}