{"id":14825,"date":"2020-03-29T19:27:39","date_gmt":"2020-03-29T17:27:39","guid":{"rendered":"https:\/\/tuszuj.pl\/?product=import-placeholder-for-7991"},"modified":"2022-05-24T16:53:17","modified_gmt":"2022-05-24T14:53:17","slug":"toner-jetworld-czarny-brother-tn2210-zamiennik-tn-2210","status":"publish","type":"product","link":"https:\/\/tuszuj.pl\/?product=toner-jetworld-czarny-brother-tn2210-zamiennik-tn-2210","title":{"rendered":"Toner JetWorld Czarny Brother TN2210 zamiennik TN-2210"},"content":{"rendered":"<p>Kolor: czarny<br \/>\nWydajno\u015b\u0107: 1600<br \/>\nKompatybilno\u015b\u0107: Brother DCP-7060D, Brother DCP-7065DN, Brother DCP-7070DW, Brother HL-2240, Brother HL-2240D, Brother HL-2250DN, Brother HL-2270DW, Brother MFC-7360N, Brother MFC-7460DN, Brother MFC-7860DW, Brother Fax-2840, Brother Fax-2845, Brother Fax-2940<\/p>\n","protected":false},"excerpt":{"rendered":"<p>Kolor: czarny Wydajno\u015b\u0107: 1600 Kompatybilno\u015b\u0107: Brother DCP-7060D, Brother DCP-7065DN, Brother DCP-7070DW, Brother HL-2240, Brother HL-2240D, Brother HL-2250DN, Brother HL-2270DW, Brother MFC-7360N, Brother MFC-7460DN, Brother MFC-7860DW, Brother Fax-2840, Brother Fax-2845, Brother Fax-2940<\/p>\n","protected":false},"featured_media":7656,"template":"","meta":{"jetpack_post_was_ever_published":false,"jetpack_publicize_message":"","jetpack_publicize_feature_enabled":true,"jetpack_social_post_already_shared":true,"jetpack_social_options":{"image_generator_settings":{"template":"highway","enabled":false}}},"product_cat":[200,226,203],"product_tag":[],"jetpack_publicize_connections":[],"jetpack_sharing_enabled":true,"_links":{"self":[{"href":"https:\/\/tuszuj.pl\/index.php?rest_route=\/wp\/v2\/product\/14825"}],"collection":[{"href":"https:\/\/tuszuj.pl\/index.php?rest_route=\/wp\/v2\/product"}],"about":[{"href":"https:\/\/tuszuj.pl\/index.php?rest_route=\/wp\/v2\/types\/product"}],"wp:featuredmedia":[{"embeddable":true,"href":"https:\/\/tuszuj.pl\/index.php?rest_route=\/wp\/v2\/media\/7656"}],"wp:attachment":[{"href":"https:\/\/tuszuj.pl\/index.php?rest_route=%2Fwp%2Fv2%2Fmedia&parent=14825"}],"wp:term":[{"taxonomy":"product_cat","embeddable":true,"href":"https:\/\/tuszuj.pl\/index.php?rest_route=%2Fwp%2Fv2%2Fproduct_cat&post=14825"},{"taxonomy":"product_tag","embeddable":true,"href":"https:\/\/tuszuj.pl\/index.php?rest_route=%2Fwp%2Fv2%2Fproduct_tag&post=14825"}],"curies":[{"name":"wp","href":"https:\/\/api.w.org\/{rel}","templated":true}]}}