{"id":14833,"date":"2020-03-29T19:27:40","date_gmt":"2020-03-29T17:27:40","guid":{"rendered":"https:\/\/tuszuj.pl\/?product=import-placeholder-for-7999"},"modified":"2022-05-27T10:20:51","modified_gmt":"2022-05-27T08:20:51","slug":"toner-jetworld-czarny-brother-tn2320-zamiennik-tn-2320","status":"publish","type":"product","link":"https:\/\/tuszuj.pl\/?product=toner-jetworld-czarny-brother-tn2320-zamiennik-tn-2320","title":{"rendered":"Toner JetWorld Czarny Brother TN2320 zamiennik TN-2320"},"content":{"rendered":"<p>Kolor: czarny<br \/>\nWydajno\u015b\u0107: 2600<br \/>\nKompatybilno\u015b\u0107: Brother DCP-L2500D, Brother DCP-L2520DW, Brother DCP-L2540DN, Brother DCP-L2560DW, Brother HL-L2300D, Brother HL-L2340W, Brother HL-L2360DN, Brother HL-L2365DW, Brother MFC-L2700DN, Brother MFC-L2700DW, Brother MFC-L2720DW, Brother MFC-L2740DW<\/p>\n","protected":false},"excerpt":{"rendered":"<p>Kolor: czarny Wydajno\u015b\u0107: 2600 Kompatybilno\u015b\u0107: Brother DCP-L2500D, Brother DCP-L2520DW, Brother DCP-L2540DN, Brother DCP-L2560DW, Brother HL-L2300D, Brother HL-L2340W, Brother HL-L2360DN, Brother HL-L2365DW, Brother MFC-L2700DN, Brother MFC-L2700DW, Brother MFC-L2720DW, Brother MFC-L2740DW<\/p>\n","protected":false},"featured_media":7656,"template":"","meta":{"jetpack_post_was_ever_published":false,"jetpack_publicize_message":"","jetpack_publicize_feature_enabled":true,"jetpack_social_post_already_shared":true,"jetpack_social_options":{"image_generator_settings":{"template":"highway","enabled":false}}},"product_cat":[200,226,203],"product_tag":[],"jetpack_publicize_connections":[],"jetpack_sharing_enabled":true,"_links":{"self":[{"href":"https:\/\/tuszuj.pl\/index.php?rest_route=\/wp\/v2\/product\/14833"}],"collection":[{"href":"https:\/\/tuszuj.pl\/index.php?rest_route=\/wp\/v2\/product"}],"about":[{"href":"https:\/\/tuszuj.pl\/index.php?rest_route=\/wp\/v2\/types\/product"}],"wp:featuredmedia":[{"embeddable":true,"href":"https:\/\/tuszuj.pl\/index.php?rest_route=\/wp\/v2\/media\/7656"}],"wp:attachment":[{"href":"https:\/\/tuszuj.pl\/index.php?rest_route=%2Fwp%2Fv2%2Fmedia&parent=14833"}],"wp:term":[{"taxonomy":"product_cat","embeddable":true,"href":"https:\/\/tuszuj.pl\/index.php?rest_route=%2Fwp%2Fv2%2Fproduct_cat&post=14833"},{"taxonomy":"product_tag","embeddable":true,"href":"https:\/\/tuszuj.pl\/index.php?rest_route=%2Fwp%2Fv2%2Fproduct_tag&post=14833"}],"curies":[{"name":"wp","href":"https:\/\/api.w.org\/{rel}","templated":true}]}}