{"id":14834,"date":"2020-03-29T19:27:41","date_gmt":"2020-03-29T17:27:41","guid":{"rendered":"https:\/\/tuszuj.pl\/?product=import-placeholder-for-8000"},"modified":"2022-05-27T21:54:17","modified_gmt":"2022-05-27T19:54:17","slug":"toner-jetworld-czarny-brother-tn2411-zamiennik-tn-2411-z-chipem","status":"publish","type":"product","link":"https:\/\/tuszuj.pl\/?product=toner-jetworld-czarny-brother-tn2411-zamiennik-tn-2411-z-chipem","title":{"rendered":"Toner JetWorld Czarny Brother TN2411 zamiennik TN-2411 z chipem"},"content":{"rendered":"<p>Kolor: czarny<br \/>\nWydajno\u015b\u0107: 1500<br \/>\nKompatybilno\u015b\u0107: Brother DCP-L2512D, Brother DCP-L2532DW, Brother DCP-L2552DN, Brother HL-L2312D, Brother HL-L2352DW, Brother HL-L2372DN, Brother MFC-L2712DN, Brother MFC-L2712DW, Brother MFC-L2732DW, Brother MFC-L2752DW, Brother DCPL2512D, DCPL2532DW, DCPL2552DN, HLL2312D, HLL2352DW, HLL2372DN, MFCL2712DN, MFCL2712DW, MFCL2732DW, MFCL2752DW<\/p>\n<p>Przed zakupem sprawd\u017a oznaczenie znajduj\u0105ce si\u0119 na module b\u0119bna w Twoim urz\u0105dzeniu:<br \/>\n&#8211; Je\u015bli modu\u0142 to DR2400 zam\u00f3w toner JW-B2410N lub JW-B2420N<br \/>\n&#8211; Je\u015bli modu\u0142 to DR2401 zam\u00f3w toner JW-B2411N lub JW-B2421N <\/p>\n","protected":false},"excerpt":{"rendered":"<p>Kolor: czarny Wydajno\u015b\u0107: 1500 Kompatybilno\u015b\u0107: Brother DCP-L2512D, Brother DCP-L2532DW, Brother DCP-L2552DN, Brother HL-L2312D, Brother HL-L2352DW, Brother HL-L2372DN, Brother MFC-L2712DN, Brother MFC-L2712DW, Brother MFC-L2732DW, Brother MFC-L2752DW, Brother DCPL2512D, DCPL2532DW, DCPL2552DN, HLL2312D, HLL2352DW, HLL2372DN, MFCL2712DN, MFCL2712DW, MFCL2732DW, MFCL2752DW Przed zakupem sprawd\u017a oznaczenie znajduj\u0105ce si\u0119 na module b\u0119bna w Twoim urz\u0105dzeniu: &#8211; Je\u015bli modu\u0142 to DR2400 zam\u00f3w toner [&hellip;]<\/p>\n","protected":false},"featured_media":4428,"template":"","meta":{"jetpack_post_was_ever_published":false,"jetpack_publicize_message":"","jetpack_publicize_feature_enabled":true,"jetpack_social_post_already_shared":true,"jetpack_social_options":{"image_generator_settings":{"template":"highway","enabled":false}}},"product_cat":[200,226,203],"product_tag":[],"jetpack_publicize_connections":[],"jetpack_sharing_enabled":true,"_links":{"self":[{"href":"https:\/\/tuszuj.pl\/index.php?rest_route=\/wp\/v2\/product\/14834"}],"collection":[{"href":"https:\/\/tuszuj.pl\/index.php?rest_route=\/wp\/v2\/product"}],"about":[{"href":"https:\/\/tuszuj.pl\/index.php?rest_route=\/wp\/v2\/types\/product"}],"wp:featuredmedia":[{"embeddable":true,"href":"https:\/\/tuszuj.pl\/index.php?rest_route=\/wp\/v2\/media\/4428"}],"wp:attachment":[{"href":"https:\/\/tuszuj.pl\/index.php?rest_route=%2Fwp%2Fv2%2Fmedia&parent=14834"}],"wp:term":[{"taxonomy":"product_cat","embeddable":true,"href":"https:\/\/tuszuj.pl\/index.php?rest_route=%2Fwp%2Fv2%2Fproduct_cat&post=14834"},{"taxonomy":"product_tag","embeddable":true,"href":"https:\/\/tuszuj.pl\/index.php?rest_route=%2Fwp%2Fv2%2Fproduct_tag&post=14834"}],"curies":[{"name":"wp","href":"https:\/\/api.w.org\/{rel}","templated":true}]}}