{"id":14887,"date":"2020-03-29T19:28:35","date_gmt":"2020-03-29T17:28:35","guid":{"rendered":"https:\/\/tuszuj.pl\/?product=import-placeholder-for-8053"},"modified":"2022-05-24T16:14:44","modified_gmt":"2022-05-24T14:14:44","slug":"toner-jetworld-yellow-brother-tn423y-zamiennik-tn-423y","status":"publish","type":"product","link":"https:\/\/tuszuj.pl\/?product=toner-jetworld-yellow-brother-tn423y-zamiennik-tn-423y","title":{"rendered":"Toner JetWorld Yellow Brother TN423Y zamiennik TN-423Y"},"content":{"rendered":"<p>Kolor: yellow<br \/>\nWydajno\u015b\u0107: 4000<br \/>\nKompatybilno\u015b\u0107: Brother HLL8260CDW HLL8360CDW DCPL8410CDW MFCL8690CDW MFCL8900CDW<\/p>\n","protected":false},"excerpt":{"rendered":"<p>Kolor: yellow Wydajno\u015b\u0107: 4000 Kompatybilno\u015b\u0107: Brother HLL8260CDW HLL8360CDW DCPL8410CDW MFCL8690CDW MFCL8900CDW<\/p>\n","protected":false},"featured_media":4226,"template":"","meta":{"jetpack_post_was_ever_published":false,"jetpack_publicize_message":"","jetpack_publicize_feature_enabled":true,"jetpack_social_post_already_shared":true,"jetpack_social_options":{"image_generator_settings":{"template":"highway","enabled":false}}},"product_cat":[200,226,203],"product_tag":[],"jetpack_publicize_connections":[],"jetpack_sharing_enabled":true,"_links":{"self":[{"href":"https:\/\/tuszuj.pl\/index.php?rest_route=\/wp\/v2\/product\/14887"}],"collection":[{"href":"https:\/\/tuszuj.pl\/index.php?rest_route=\/wp\/v2\/product"}],"about":[{"href":"https:\/\/tuszuj.pl\/index.php?rest_route=\/wp\/v2\/types\/product"}],"wp:featuredmedia":[{"embeddable":true,"href":"https:\/\/tuszuj.pl\/index.php?rest_route=\/wp\/v2\/media\/4226"}],"wp:attachment":[{"href":"https:\/\/tuszuj.pl\/index.php?rest_route=%2Fwp%2Fv2%2Fmedia&parent=14887"}],"wp:term":[{"taxonomy":"product_cat","embeddable":true,"href":"https:\/\/tuszuj.pl\/index.php?rest_route=%2Fwp%2Fv2%2Fproduct_cat&post=14887"},{"taxonomy":"product_tag","embeddable":true,"href":"https:\/\/tuszuj.pl\/index.php?rest_route=%2Fwp%2Fv2%2Fproduct_tag&post=14887"}],"curies":[{"name":"wp","href":"https:\/\/api.w.org\/{rel}","templated":true}]}}