{"id":14907,"date":"2020-03-29T19:28:40","date_gmt":"2020-03-29T17:28:40","guid":{"rendered":"https:\/\/tuszuj.pl\/?product=import-placeholder-for-8073"},"modified":"2022-05-24T17:16:59","modified_gmt":"2022-05-24T15:16:59","slug":"modul-bebna-jetworld-czarny-brother-dr2200-zamiennik-dr-2200","status":"publish","type":"product","link":"https:\/\/tuszuj.pl\/?product=modul-bebna-jetworld-czarny-brother-dr2200-zamiennik-dr-2200","title":{"rendered":"Modu\u0142 B\u0119bna JetWorld  Czarny Brother DR2200 zamiennik DR-2200"},"content":{"rendered":"<p>Kolor: czarny<br \/>\nWydajno\u015b\u0107: 12000<br \/>\nKompatybilno\u015b\u0107: Brother DCP-7060, Brother DCP-7060D, Brother DCP-7065DN, Brother DCP-7070DW, Brother DCP-7055, Brother DCP-7055W, Brother DCP-7057E, Brother HL-2240, Brother HL-2240D, Brother HL-2250DN, Brother HL-2270DW, Brother HL-2230, Brother HL-2250, Brother HL-2270, Brother HL-2130, Brother HL-2135W, Brother MFC-7360, Brother MFC-7360N, Brother MFC-7460DN, Brother MFC-7860DW, Brother FAX-2840, Brother FAX-2845, Brother FAX-2940<\/p>\n","protected":false},"excerpt":{"rendered":"<p>Kolor: czarny Wydajno\u015b\u0107: 12000 Kompatybilno\u015b\u0107: Brother DCP-7060, Brother DCP-7060D, Brother DCP-7065DN, Brother DCP-7070DW, Brother DCP-7055, Brother DCP-7055W, Brother DCP-7057E, Brother HL-2240, Brother HL-2240D, Brother HL-2250DN, Brother HL-2270DW, Brother HL-2230, Brother HL-2250, Brother HL-2270, Brother HL-2130, Brother HL-2135W, Brother MFC-7360, Brother MFC-7360N, Brother MFC-7460DN, Brother MFC-7860DW, Brother FAX-2840, Brother FAX-2845, Brother FAX-2940<\/p>\n","protected":false},"featured_media":4226,"template":"","meta":{"jetpack_post_was_ever_published":false,"jetpack_publicize_message":"","jetpack_publicize_feature_enabled":true,"jetpack_social_post_already_shared":true,"jetpack_social_options":{"image_generator_settings":{"template":"highway","enabled":false}}},"product_cat":[200,208,202],"product_tag":[],"jetpack_publicize_connections":[],"jetpack_sharing_enabled":true,"_links":{"self":[{"href":"https:\/\/tuszuj.pl\/index.php?rest_route=\/wp\/v2\/product\/14907"}],"collection":[{"href":"https:\/\/tuszuj.pl\/index.php?rest_route=\/wp\/v2\/product"}],"about":[{"href":"https:\/\/tuszuj.pl\/index.php?rest_route=\/wp\/v2\/types\/product"}],"wp:featuredmedia":[{"embeddable":true,"href":"https:\/\/tuszuj.pl\/index.php?rest_route=\/wp\/v2\/media\/4226"}],"wp:attachment":[{"href":"https:\/\/tuszuj.pl\/index.php?rest_route=%2Fwp%2Fv2%2Fmedia&parent=14907"}],"wp:term":[{"taxonomy":"product_cat","embeddable":true,"href":"https:\/\/tuszuj.pl\/index.php?rest_route=%2Fwp%2Fv2%2Fproduct_cat&post=14907"},{"taxonomy":"product_tag","embeddable":true,"href":"https:\/\/tuszuj.pl\/index.php?rest_route=%2Fwp%2Fv2%2Fproduct_tag&post=14907"}],"curies":[{"name":"wp","href":"https:\/\/api.w.org\/{rel}","templated":true}]}}