{"id":15225,"date":"2020-03-29T19:34:43","date_gmt":"2020-03-29T17:34:43","guid":{"rendered":"https:\/\/tuszuj.pl\/?product=import-placeholder-for-8391"},"modified":"2022-05-24T16:08:07","modified_gmt":"2022-05-24T14:08:07","slug":"toner-jetworld-zamiennik-hp-26a-cf226a-laserjet-pro-m402","status":"publish","type":"product","link":"https:\/\/tuszuj.pl\/?product=toner-jetworld-zamiennik-hp-26a-cf226a-laserjet-pro-m402","title":{"rendered":"Toner JetWorld zamiennik HP 26A CF226A LaserJet Pro M402"},"content":{"rendered":"<p>Kolor: czarny<br \/>\nWydajno\u015b\u0107: 3100<br \/>\nKompatybilno\u015b\u0107: HP LaserJet Pro M402d (C5F92A), HP LaserJet Pro M402dn (C5F94A), HP LaserJet Pro M402dne (C5J91A), HP LaserJet Pro M402n (C5F93A), HP LaserJet Pro M426dw MFP (F6W13A), HP LaserJet Pro M426fdn MFP (F6W14A), HP LaserJet Pro M426fdw MFP (F6W15A)<\/p>\n","protected":false},"excerpt":{"rendered":"<p>Kolor: czarny Wydajno\u015b\u0107: 3100 Kompatybilno\u015b\u0107: HP LaserJet Pro M402d (C5F92A), HP LaserJet Pro M402dn (C5F94A), HP LaserJet Pro M402dne (C5J91A), HP LaserJet Pro M402n (C5F93A), HP LaserJet Pro M426dw MFP (F6W13A), HP LaserJet Pro M426fdn MFP (F6W14A), HP LaserJet Pro M426fdw MFP (F6W15A)<\/p>\n","protected":false},"featured_media":7656,"template":"","meta":{"jetpack_post_was_ever_published":false,"jetpack_publicize_message":"","jetpack_publicize_feature_enabled":true,"jetpack_social_post_already_shared":true,"jetpack_social_options":{"image_generator_settings":{"template":"highway","enabled":false}}},"product_cat":[200,203,231],"product_tag":[],"jetpack_publicize_connections":[],"jetpack_sharing_enabled":true,"_links":{"self":[{"href":"https:\/\/tuszuj.pl\/index.php?rest_route=\/wp\/v2\/product\/15225"}],"collection":[{"href":"https:\/\/tuszuj.pl\/index.php?rest_route=\/wp\/v2\/product"}],"about":[{"href":"https:\/\/tuszuj.pl\/index.php?rest_route=\/wp\/v2\/types\/product"}],"wp:featuredmedia":[{"embeddable":true,"href":"https:\/\/tuszuj.pl\/index.php?rest_route=\/wp\/v2\/media\/7656"}],"wp:attachment":[{"href":"https:\/\/tuszuj.pl\/index.php?rest_route=%2Fwp%2Fv2%2Fmedia&parent=15225"}],"wp:term":[{"taxonomy":"product_cat","embeddable":true,"href":"https:\/\/tuszuj.pl\/index.php?rest_route=%2Fwp%2Fv2%2Fproduct_cat&post=15225"},{"taxonomy":"product_tag","embeddable":true,"href":"https:\/\/tuszuj.pl\/index.php?rest_route=%2Fwp%2Fv2%2Fproduct_tag&post=15225"}],"curies":[{"name":"wp","href":"https:\/\/api.w.org\/{rel}","templated":true}]}}