{"id":15228,"date":"2020-03-29T19:34:43","date_gmt":"2020-03-29T17:34:43","guid":{"rendered":"https:\/\/tuszuj.pl\/?product=import-placeholder-for-8394"},"modified":"2022-05-24T16:04:16","modified_gmt":"2022-05-24T14:04:16","slug":"toner-jetworld-zamiennik-hp-30a-cf230a-laserjet-pro-m203","status":"publish","type":"product","link":"https:\/\/tuszuj.pl\/?product=toner-jetworld-zamiennik-hp-30a-cf230a-laserjet-pro-m203","title":{"rendered":"Toner JetWorld zamiennik HP 30A CF230A LaserJet Pro M203"},"content":{"rendered":"<p>Kolor: czarny<br \/>\nWydajno\u015b\u0107: 1600<br \/>\nKompatybilno\u015b\u0107: HP LaserJet Pro M203dn (G3Q46A), HP LaserJet Pro M203dw (G3Q47A), HP LaserJet Pro M227fdn (G3Q79A), HP LaserJet Pro MFP M227fdw (G3Q75A), HP LaserJet Pro MFP M227sdn (G3Q74A)<\/p>\n","protected":false},"excerpt":{"rendered":"<p>Kolor: czarny Wydajno\u015b\u0107: 1600 Kompatybilno\u015b\u0107: HP LaserJet Pro M203dn (G3Q46A), HP LaserJet Pro M203dw (G3Q47A), HP LaserJet Pro M227fdn (G3Q79A), HP LaserJet Pro MFP M227fdw (G3Q75A), HP LaserJet Pro MFP M227sdn (G3Q74A)<\/p>\n","protected":false},"featured_media":7656,"template":"","meta":{"jetpack_post_was_ever_published":false,"jetpack_publicize_message":"","jetpack_publicize_feature_enabled":true,"jetpack_social_post_already_shared":true,"jetpack_social_options":{"image_generator_settings":{"template":"highway","enabled":false}}},"product_cat":[200,203,231],"product_tag":[],"jetpack_publicize_connections":[],"jetpack_sharing_enabled":true,"_links":{"self":[{"href":"https:\/\/tuszuj.pl\/index.php?rest_route=\/wp\/v2\/product\/15228"}],"collection":[{"href":"https:\/\/tuszuj.pl\/index.php?rest_route=\/wp\/v2\/product"}],"about":[{"href":"https:\/\/tuszuj.pl\/index.php?rest_route=\/wp\/v2\/types\/product"}],"wp:featuredmedia":[{"embeddable":true,"href":"https:\/\/tuszuj.pl\/index.php?rest_route=\/wp\/v2\/media\/7656"}],"wp:attachment":[{"href":"https:\/\/tuszuj.pl\/index.php?rest_route=%2Fwp%2Fv2%2Fmedia&parent=15228"}],"wp:term":[{"taxonomy":"product_cat","embeddable":true,"href":"https:\/\/tuszuj.pl\/index.php?rest_route=%2Fwp%2Fv2%2Fproduct_cat&post=15228"},{"taxonomy":"product_tag","embeddable":true,"href":"https:\/\/tuszuj.pl\/index.php?rest_route=%2Fwp%2Fv2%2Fproduct_tag&post=15228"}],"curies":[{"name":"wp","href":"https:\/\/api.w.org\/{rel}","templated":true}]}}