{"id":15256,"date":"2020-03-29T19:35:15","date_gmt":"2020-03-29T17:35:15","guid":{"rendered":"https:\/\/tuszuj.pl\/?product=import-placeholder-for-8422"},"modified":"2022-05-24T15:42:50","modified_gmt":"2022-05-24T13:42:50","slug":"toner-jetworld-zamiennik-hp-10a-q2610a-laserjet-2300-6k-black","status":"publish","type":"product","link":"https:\/\/tuszuj.pl\/?product=toner-jetworld-zamiennik-hp-10a-q2610a-laserjet-2300-6k-black","title":{"rendered":"Toner JetWorld zamiennik HP 10A Q2610A LaserJet 2300 6K Black"},"content":{"rendered":"<p>Kolor: czarny<br \/>\nWydajno\u015b\u0107: 6000<br \/>\nKompatybilno\u015b\u0107: HP LaserJet 2300, HP LaserJet 2300d, HP LaserJet 2300dn, HP LaserJet 2300dtn, HP LaserJet 2300l, HP LaserJet 2300n<\/p>\n","protected":false},"excerpt":{"rendered":"<p>Kolor: czarny Wydajno\u015b\u0107: 6000 Kompatybilno\u015b\u0107: HP LaserJet 2300, HP LaserJet 2300d, HP LaserJet 2300dn, HP LaserJet 2300dtn, HP LaserJet 2300l, HP LaserJet 2300n<\/p>\n","protected":false},"featured_media":4226,"template":"","meta":{"jetpack_post_was_ever_published":false,"jetpack_publicize_message":"","jetpack_publicize_feature_enabled":true,"jetpack_social_post_already_shared":true,"jetpack_social_options":{"image_generator_settings":{"template":"highway","enabled":false}}},"product_cat":[200,203,231],"product_tag":[],"jetpack_publicize_connections":[],"jetpack_sharing_enabled":true,"_links":{"self":[{"href":"https:\/\/tuszuj.pl\/index.php?rest_route=\/wp\/v2\/product\/15256"}],"collection":[{"href":"https:\/\/tuszuj.pl\/index.php?rest_route=\/wp\/v2\/product"}],"about":[{"href":"https:\/\/tuszuj.pl\/index.php?rest_route=\/wp\/v2\/types\/product"}],"wp:featuredmedia":[{"embeddable":true,"href":"https:\/\/tuszuj.pl\/index.php?rest_route=\/wp\/v2\/media\/4226"}],"wp:attachment":[{"href":"https:\/\/tuszuj.pl\/index.php?rest_route=%2Fwp%2Fv2%2Fmedia&parent=15256"}],"wp:term":[{"taxonomy":"product_cat","embeddable":true,"href":"https:\/\/tuszuj.pl\/index.php?rest_route=%2Fwp%2Fv2%2Fproduct_cat&post=15256"},{"taxonomy":"product_tag","embeddable":true,"href":"https:\/\/tuszuj.pl\/index.php?rest_route=%2Fwp%2Fv2%2Fproduct_tag&post=15256"}],"curies":[{"name":"wp","href":"https:\/\/api.w.org\/{rel}","templated":true}]}}