{"id":15278,"date":"2020-03-29T19:35:46","date_gmt":"2020-03-29T17:35:46","guid":{"rendered":"https:\/\/tuszuj.pl\/?product=import-placeholder-for-8444"},"modified":"2022-05-24T15:28:12","modified_gmt":"2022-05-24T13:28:12","slug":"toner-jetworld-zamiennik-hp-78a-ce278a-laserjet-pro-m1536","status":"publish","type":"product","link":"https:\/\/tuszuj.pl\/?product=toner-jetworld-zamiennik-hp-78a-ce278a-laserjet-pro-m1536","title":{"rendered":"Toner JetWorld zamiennik HP 78A CE278A 2,5K"},"content":{"rendered":"<p>Kolor: czarny<br \/>\nWydajno\u015b\u0107: 2500<br \/>\nKompatybilno\u015b\u0107: HP LaserJet Pro M1536dnf MFP (CE538A), HP LaserJet Pro P1566 (CE663A), HP LaserJet Pro P1606dn (CE749A)<\/p>\n","protected":false},"excerpt":{"rendered":"<p>Kolor: czarny Wydajno\u015b\u0107: 2500 Kompatybilno\u015b\u0107: HP LaserJet Pro M1536dnf MFP (CE538A), HP LaserJet Pro P1566 (CE663A), HP LaserJet Pro P1606dn (CE749A)<\/p>\n","protected":false},"featured_media":7656,"template":"","meta":{"jetpack_post_was_ever_published":false,"jetpack_publicize_message":"","jetpack_publicize_feature_enabled":true,"jetpack_social_post_already_shared":true,"jetpack_social_options":{"image_generator_settings":{"template":"highway","enabled":false}}},"product_cat":[200,203,231],"product_tag":[],"jetpack_publicize_connections":[],"jetpack_sharing_enabled":true,"_links":{"self":[{"href":"https:\/\/tuszuj.pl\/index.php?rest_route=\/wp\/v2\/product\/15278"}],"collection":[{"href":"https:\/\/tuszuj.pl\/index.php?rest_route=\/wp\/v2\/product"}],"about":[{"href":"https:\/\/tuszuj.pl\/index.php?rest_route=\/wp\/v2\/types\/product"}],"wp:featuredmedia":[{"embeddable":true,"href":"https:\/\/tuszuj.pl\/index.php?rest_route=\/wp\/v2\/media\/7656"}],"wp:attachment":[{"href":"https:\/\/tuszuj.pl\/index.php?rest_route=%2Fwp%2Fv2%2Fmedia&parent=15278"}],"wp:term":[{"taxonomy":"product_cat","embeddable":true,"href":"https:\/\/tuszuj.pl\/index.php?rest_route=%2Fwp%2Fv2%2Fproduct_cat&post=15278"},{"taxonomy":"product_tag","embeddable":true,"href":"https:\/\/tuszuj.pl\/index.php?rest_route=%2Fwp%2Fv2%2Fproduct_tag&post=15278"}],"curies":[{"name":"wp","href":"https:\/\/api.w.org\/{rel}","templated":true}]}}