{"id":15280,"date":"2020-03-29T19:35:46","date_gmt":"2020-03-29T17:35:46","guid":{"rendered":"https:\/\/tuszuj.pl\/?product=import-placeholder-for-8446"},"modified":"2022-05-24T15:32:05","modified_gmt":"2022-05-24T13:32:05","slug":"toner-jetworld-zamiennik-hp-79a-cf279a-2k-black","status":"publish","type":"product","link":"https:\/\/tuszuj.pl\/?product=toner-jetworld-zamiennik-hp-79a-cf279a-2k-black","title":{"rendered":"Toner JetWorld zamiennik HP 79A CF279A 2K Black"},"content":{"rendered":"<p>Kolor: czarny<br \/>\nWydajno\u015b\u0107: 2000<br \/>\nKompatybilno\u015b\u0107: HP LaserJet Pro M12a (T0L45A), HP LaserJet Pro M12w (T0L46A), HP LaserJet Pro M26a (T0L49A), HP LaserJet Pro M26nw (T0L50A) MFP<\/p>\n","protected":false},"excerpt":{"rendered":"<p>Kolor: czarny Wydajno\u015b\u0107: 2000 Kompatybilno\u015b\u0107: HP LaserJet Pro M12a (T0L45A), HP LaserJet Pro M12w (T0L46A), HP LaserJet Pro M26a (T0L49A), HP LaserJet Pro M26nw (T0L50A) MFP<\/p>\n","protected":false},"featured_media":4226,"template":"","meta":{"jetpack_post_was_ever_published":false,"jetpack_publicize_message":"","jetpack_publicize_feature_enabled":true,"jetpack_social_post_already_shared":true,"jetpack_social_options":{"image_generator_settings":{"template":"highway","enabled":false}}},"product_cat":[200,203,231],"product_tag":[],"jetpack_publicize_connections":[],"jetpack_sharing_enabled":true,"_links":{"self":[{"href":"https:\/\/tuszuj.pl\/index.php?rest_route=\/wp\/v2\/product\/15280"}],"collection":[{"href":"https:\/\/tuszuj.pl\/index.php?rest_route=\/wp\/v2\/product"}],"about":[{"href":"https:\/\/tuszuj.pl\/index.php?rest_route=\/wp\/v2\/types\/product"}],"wp:featuredmedia":[{"embeddable":true,"href":"https:\/\/tuszuj.pl\/index.php?rest_route=\/wp\/v2\/media\/4226"}],"wp:attachment":[{"href":"https:\/\/tuszuj.pl\/index.php?rest_route=%2Fwp%2Fv2%2Fmedia&parent=15280"}],"wp:term":[{"taxonomy":"product_cat","embeddable":true,"href":"https:\/\/tuszuj.pl\/index.php?rest_route=%2Fwp%2Fv2%2Fproduct_cat&post=15280"},{"taxonomy":"product_tag","embeddable":true,"href":"https:\/\/tuszuj.pl\/index.php?rest_route=%2Fwp%2Fv2%2Fproduct_tag&post=15280"}],"curies":[{"name":"wp","href":"https:\/\/api.w.org\/{rel}","templated":true}]}}