{"id":15292,"date":"2020-03-29T19:35:49","date_gmt":"2020-03-29T17:35:49","guid":{"rendered":"https:\/\/tuszuj.pl\/?product=import-placeholder-for-8458"},"modified":"2022-05-24T15:26:49","modified_gmt":"2022-05-24T13:26:49","slug":"toner-jetworld-zamiennik-hp-85x-ce285x-laserjet-m1132","status":"publish","type":"product","link":"https:\/\/tuszuj.pl\/?product=toner-jetworld-zamiennik-hp-85x-ce285x-laserjet-m1132","title":{"rendered":"Toner JetWorld zamiennik HP 85X CE285X 3,1K"},"content":{"rendered":"<p>Kolor: czarny<br \/>\nWydajno\u015b\u0107: 3100<br \/>\nKompatybilno\u015b\u0107: HP LaserJet Pro P1102 (CE651A), HP LaserJet Pro P1102s (CE652A), HP LaserJet Pro P1102w (CE657A, CE658A), HP LaserJet Pro M1212nf MFP (CE841A), HP LaserJet Pro M1217nfw MFP (CE844A), HP LaserJet Pro M1132 MFP (CE847A)<\/p>\n","protected":false},"excerpt":{"rendered":"<p>Kolor: czarny Wydajno\u015b\u0107: 3100 Kompatybilno\u015b\u0107: HP LaserJet Pro P1102 (CE651A), HP LaserJet Pro P1102s (CE652A), HP LaserJet Pro P1102w (CE657A, CE658A), HP LaserJet Pro M1212nf MFP (CE841A), HP LaserJet Pro M1217nfw MFP (CE844A), HP LaserJet Pro M1132 MFP (CE847A)<\/p>\n","protected":false},"featured_media":7656,"template":"","meta":{"jetpack_post_was_ever_published":false,"jetpack_publicize_message":"","jetpack_publicize_feature_enabled":true,"jetpack_social_post_already_shared":true,"jetpack_social_options":{"image_generator_settings":{"template":"highway","enabled":false}}},"product_cat":[200,203,231],"product_tag":[],"jetpack_publicize_connections":[],"jetpack_sharing_enabled":true,"_links":{"self":[{"href":"https:\/\/tuszuj.pl\/index.php?rest_route=\/wp\/v2\/product\/15292"}],"collection":[{"href":"https:\/\/tuszuj.pl\/index.php?rest_route=\/wp\/v2\/product"}],"about":[{"href":"https:\/\/tuszuj.pl\/index.php?rest_route=\/wp\/v2\/types\/product"}],"wp:featuredmedia":[{"embeddable":true,"href":"https:\/\/tuszuj.pl\/index.php?rest_route=\/wp\/v2\/media\/7656"}],"wp:attachment":[{"href":"https:\/\/tuszuj.pl\/index.php?rest_route=%2Fwp%2Fv2%2Fmedia&parent=15292"}],"wp:term":[{"taxonomy":"product_cat","embeddable":true,"href":"https:\/\/tuszuj.pl\/index.php?rest_route=%2Fwp%2Fv2%2Fproduct_cat&post=15292"},{"taxonomy":"product_tag","embeddable":true,"href":"https:\/\/tuszuj.pl\/index.php?rest_route=%2Fwp%2Fv2%2Fproduct_tag&post=15292"}],"curies":[{"name":"wp","href":"https:\/\/api.w.org\/{rel}","templated":true}]}}