{"id":15364,"date":"2020-03-29T19:36:57","date_gmt":"2020-03-29T17:36:57","guid":{"rendered":"https:\/\/tuszuj.pl\/?product=import-placeholder-for-8530"},"modified":"2022-05-24T14:44:18","modified_gmt":"2022-05-24T12:44:18","slug":"toner-jetworld-zamiennik-hp-35a-cb435a-laserjet-p1005","status":"publish","type":"product","link":"https:\/\/tuszuj.pl\/?product=toner-jetworld-zamiennik-hp-35a-cb435a-laserjet-p1005","title":{"rendered":"Toner JetWorld zamiennik HP 35A CB435A XL"},"content":{"rendered":"<p>Kolor: czarny<br \/>\nWydajno\u015b\u0107: 3100<br \/>\nKompatybilno\u015b\u0107: HP LaserJet P1005 (CB410A), HP LaserJet P1006 (CB411A)<\/p>\n","protected":false},"excerpt":{"rendered":"<p>Kolor: czarny Wydajno\u015b\u0107: 3100 Kompatybilno\u015b\u0107: HP LaserJet P1005 (CB410A), HP LaserJet P1006 (CB411A)<\/p>\n","protected":false},"featured_media":7656,"template":"","meta":{"jetpack_post_was_ever_published":false,"jetpack_publicize_message":"","jetpack_publicize_feature_enabled":true,"jetpack_social_post_already_shared":true,"jetpack_social_options":{"image_generator_settings":{"template":"highway","enabled":false}}},"product_cat":[200,203,231],"product_tag":[],"jetpack_publicize_connections":[],"jetpack_sharing_enabled":true,"_links":{"self":[{"href":"https:\/\/tuszuj.pl\/index.php?rest_route=\/wp\/v2\/product\/15364"}],"collection":[{"href":"https:\/\/tuszuj.pl\/index.php?rest_route=\/wp\/v2\/product"}],"about":[{"href":"https:\/\/tuszuj.pl\/index.php?rest_route=\/wp\/v2\/types\/product"}],"wp:featuredmedia":[{"embeddable":true,"href":"https:\/\/tuszuj.pl\/index.php?rest_route=\/wp\/v2\/media\/7656"}],"wp:attachment":[{"href":"https:\/\/tuszuj.pl\/index.php?rest_route=%2Fwp%2Fv2%2Fmedia&parent=15364"}],"wp:term":[{"taxonomy":"product_cat","embeddable":true,"href":"https:\/\/tuszuj.pl\/index.php?rest_route=%2Fwp%2Fv2%2Fproduct_cat&post=15364"},{"taxonomy":"product_tag","embeddable":true,"href":"https:\/\/tuszuj.pl\/index.php?rest_route=%2Fwp%2Fv2%2Fproduct_tag&post=15364"}],"curies":[{"name":"wp","href":"https:\/\/api.w.org\/{rel}","templated":true}]}}