{"id":15385,"date":"2020-03-29T19:37:05","date_gmt":"2020-03-29T17:37:05","guid":{"rendered":"https:\/\/tuszuj.pl\/?product=import-placeholder-for-8551"},"modified":"2022-05-24T14:19:17","modified_gmt":"2022-05-24T12:19:17","slug":"toner-jetworld-zamiennik-hp-05a-ce505a-laserjet-p2035","status":"publish","type":"product","link":"https:\/\/tuszuj.pl\/?product=toner-jetworld-zamiennik-hp-05a-ce505a-laserjet-p2035","title":{"rendered":"Toner JetWorld zamiennik HP 05A CE505A LaserJet P2055"},"content":{"rendered":"<p>Kolor: czarny<br \/>\nWydajno\u015b\u0107: 3500<br \/>\nKompatybilno\u015b\u0107: HP Laserjet P2035 (CE461A), HP Laserjet P2035n (CE462A), HP LaserJet P2055 (CE456A), HP Laserjet P2055d (CE457A), HP Laserjet P2055dn (CE459A), HP Laserjet P2055x (CE460A)<\/p>\n","protected":false},"excerpt":{"rendered":"<p>Kolor: czarny Wydajno\u015b\u0107: 3500 Kompatybilno\u015b\u0107: HP Laserjet P2035 (CE461A), HP Laserjet P2035n (CE462A), HP LaserJet P2055 (CE456A), HP Laserjet P2055d (CE457A), HP Laserjet P2055dn (CE459A), HP Laserjet P2055x (CE460A)<\/p>\n","protected":false},"featured_media":7656,"template":"","meta":{"jetpack_post_was_ever_published":false,"jetpack_publicize_message":"","jetpack_publicize_feature_enabled":true,"jetpack_social_post_already_shared":true,"jetpack_social_options":{"image_generator_settings":{"template":"highway","enabled":false}}},"product_cat":[200,203,231],"product_tag":[],"jetpack_publicize_connections":[],"jetpack_sharing_enabled":true,"_links":{"self":[{"href":"https:\/\/tuszuj.pl\/index.php?rest_route=\/wp\/v2\/product\/15385"}],"collection":[{"href":"https:\/\/tuszuj.pl\/index.php?rest_route=\/wp\/v2\/product"}],"about":[{"href":"https:\/\/tuszuj.pl\/index.php?rest_route=\/wp\/v2\/types\/product"}],"wp:featuredmedia":[{"embeddable":true,"href":"https:\/\/tuszuj.pl\/index.php?rest_route=\/wp\/v2\/media\/7656"}],"wp:attachment":[{"href":"https:\/\/tuszuj.pl\/index.php?rest_route=%2Fwp%2Fv2%2Fmedia&parent=15385"}],"wp:term":[{"taxonomy":"product_cat","embeddable":true,"href":"https:\/\/tuszuj.pl\/index.php?rest_route=%2Fwp%2Fv2%2Fproduct_cat&post=15385"},{"taxonomy":"product_tag","embeddable":true,"href":"https:\/\/tuszuj.pl\/index.php?rest_route=%2Fwp%2Fv2%2Fproduct_tag&post=15385"}],"curies":[{"name":"wp","href":"https:\/\/api.w.org\/{rel}","templated":true}]}}