{"id":15438,"date":"2020-03-29T19:37:58","date_gmt":"2020-03-29T17:37:58","guid":{"rendered":"https:\/\/tuszuj.pl\/?product=import-placeholder-for-8604"},"modified":"2022-05-22T23:45:33","modified_gmt":"2022-05-22T21:45:33","slug":"toner-jetworld-zamiennik-hp-53a-q7553a-laserjet-m2727","status":"publish","type":"product","link":"https:\/\/tuszuj.pl\/?product=toner-jetworld-zamiennik-hp-53a-q7553a-laserjet-m2727","title":{"rendered":"Toner JetWorld zamiennik HP 53A Q7553A 3K"},"content":{"rendered":"<p>Kolor: czarny<br \/>\nWydajno\u015b\u0107: 3000<br \/>\nKompatybilno\u015b\u0107: HP LaserJet P2014 (CB450A), HP LaserJet P2015 (CB366A), HP LaserJet P2015d (CB367A), HP LaserJet P2015dn (CB368A), HP LaserJet P2015n (CB449A), HP LaserJet P2015x (CB369A), HP LaserJet M2727 MFP (CB532A), HP LaserJet M2727nf MFP, HP LaserJet M2727nfs MFP<\/p>\n","protected":false},"excerpt":{"rendered":"<p>Kolor: czarny Wydajno\u015b\u0107: 3000 Kompatybilno\u015b\u0107: HP LaserJet P2014 (CB450A), HP LaserJet P2015 (CB366A), HP LaserJet P2015d (CB367A), HP LaserJet P2015dn (CB368A), HP LaserJet P2015n (CB449A), HP LaserJet P2015x (CB369A), HP LaserJet M2727 MFP (CB532A), HP LaserJet M2727nf MFP, HP LaserJet M2727nfs MFP<\/p>\n","protected":false},"featured_media":7656,"template":"","meta":{"jetpack_post_was_ever_published":false,"jetpack_publicize_message":"","jetpack_publicize_feature_enabled":true,"jetpack_social_post_already_shared":true,"jetpack_social_options":{"image_generator_settings":{"template":"highway","enabled":false}}},"product_cat":[200,203,231],"product_tag":[],"jetpack_publicize_connections":[],"jetpack_sharing_enabled":true,"_links":{"self":[{"href":"https:\/\/tuszuj.pl\/index.php?rest_route=\/wp\/v2\/product\/15438"}],"collection":[{"href":"https:\/\/tuszuj.pl\/index.php?rest_route=\/wp\/v2\/product"}],"about":[{"href":"https:\/\/tuszuj.pl\/index.php?rest_route=\/wp\/v2\/types\/product"}],"wp:featuredmedia":[{"embeddable":true,"href":"https:\/\/tuszuj.pl\/index.php?rest_route=\/wp\/v2\/media\/7656"}],"wp:attachment":[{"href":"https:\/\/tuszuj.pl\/index.php?rest_route=%2Fwp%2Fv2%2Fmedia&parent=15438"}],"wp:term":[{"taxonomy":"product_cat","embeddable":true,"href":"https:\/\/tuszuj.pl\/index.php?rest_route=%2Fwp%2Fv2%2Fproduct_cat&post=15438"},{"taxonomy":"product_tag","embeddable":true,"href":"https:\/\/tuszuj.pl\/index.php?rest_route=%2Fwp%2Fv2%2Fproduct_tag&post=15438"}],"curies":[{"name":"wp","href":"https:\/\/api.w.org\/{rel}","templated":true}]}}