{"id":15484,"date":"2020-03-29T19:38:48","date_gmt":"2020-03-29T17:38:48","guid":{"rendered":"https:\/\/tuszuj.pl\/?product=import-placeholder-for-8649"},"modified":"2021-04-11T18:36:45","modified_gmt":"2021-04-11T16:36:45","slug":"modul-bebna-jetworld-czterokolorowy-hp-ce314a-zamiennik-ce314a-126a","status":"publish","type":"product","link":"https:\/\/tuszuj.pl\/?product=modul-bebna-jetworld-czterokolorowy-hp-ce314a-zamiennik-ce314a-126a","title":{"rendered":"Modu\u0142 B\u0119bna JetWorld  Czterokolorowy HP CE314A zamiennik CE314A (126A)"},"content":{"rendered":"<p>Kolor: CMYK<br \/>\nWydajno\u015b\u0107: 14000<br \/>\nKompatybilno\u015b\u0107: HP LaserJet Pro CP1025 Color (CE913A CF346A), HP LaserJet Pro CP1025nw Color (CE914A CE918A), HP LaserJet Pro 100 M175a (CE865A), HP LaserJet Pro 100 M175nw (CE866A), HP TopShot LaserJet Pro M275 (CF040A)<\/p>\n","protected":false},"excerpt":{"rendered":"<p>Kolor: CMYK Wydajno\u015b\u0107: 14000 Kompatybilno\u015b\u0107: HP LaserJet Pro CP1025 Color (CE913A CF346A), HP LaserJet Pro CP1025nw Color (CE914A CE918A), HP LaserJet Pro 100 M175a (CE865A), HP LaserJet Pro 100 M175nw (CE866A), HP TopShot LaserJet Pro M275 (CF040A)<\/p>\n","protected":false},"featured_media":4226,"template":"","meta":{"jetpack_post_was_ever_published":false,"jetpack_publicize_message":"","jetpack_publicize_feature_enabled":true,"jetpack_social_post_already_shared":true,"jetpack_social_options":{"image_generator_settings":{"template":"highway","enabled":false}}},"product_cat":[200,202,222],"product_tag":[],"jetpack_publicize_connections":[],"jetpack_sharing_enabled":true,"_links":{"self":[{"href":"https:\/\/tuszuj.pl\/index.php?rest_route=\/wp\/v2\/product\/15484"}],"collection":[{"href":"https:\/\/tuszuj.pl\/index.php?rest_route=\/wp\/v2\/product"}],"about":[{"href":"https:\/\/tuszuj.pl\/index.php?rest_route=\/wp\/v2\/types\/product"}],"wp:featuredmedia":[{"embeddable":true,"href":"https:\/\/tuszuj.pl\/index.php?rest_route=\/wp\/v2\/media\/4226"}],"wp:attachment":[{"href":"https:\/\/tuszuj.pl\/index.php?rest_route=%2Fwp%2Fv2%2Fmedia&parent=15484"}],"wp:term":[{"taxonomy":"product_cat","embeddable":true,"href":"https:\/\/tuszuj.pl\/index.php?rest_route=%2Fwp%2Fv2%2Fproduct_cat&post=15484"},{"taxonomy":"product_tag","embeddable":true,"href":"https:\/\/tuszuj.pl\/index.php?rest_route=%2Fwp%2Fv2%2Fproduct_tag&post=15484"}],"curies":[{"name":"wp","href":"https:\/\/api.w.org\/{rel}","templated":true}]}}