{"id":16267,"date":"2020-03-29T19:52:33","date_gmt":"2020-03-29T17:52:33","guid":{"rendered":"https:\/\/tuszuj.pl\/?product=import-placeholder-for-9433"},"modified":"2022-05-27T22:44:21","modified_gmt":"2022-05-27T20:44:21","slug":"toner-jetworld-czarny-samsung-ml-1610-zamiennik-ml1610d3-mlt-d119s","status":"publish","type":"product","link":"https:\/\/tuszuj.pl\/?product=toner-jetworld-czarny-samsung-ml-1610-zamiennik-ml1610d3-mlt-d119s","title":{"rendered":"Toner JetWorld Czarny Samsung  ML 1610 zamiennik  ML1610D3 (MLT-D119S) 3K"},"content":{"rendered":"<p>Kolor: black<br \/>\nWydajno\u015b\u0107: 3000<br \/>\nKompatybilno\u015b\u0107: Samsung ML-1610, Samsung ML-1615, Samsung ML-1620, Samsung ML-1625, Samsung ML-2010, Samsung ML-2010P, Samsung ML-2010PR, Samsung ML-2015, Samsung ML-2020, Samsung ML-2321, Samsung ML-2510, Samsung ML-2570, Samsung ML-2570N, Samsung ML-2571, Samsung ML-2571N, Samsung SCX-4520, Samsung SCX-4521, Samsung SCX-4521F, Samsung SCX-4321, Samsung SCX-4321F<\/p>\n","protected":false},"excerpt":{"rendered":"<p>Kolor: black Wydajno\u015b\u0107: 3000 Kompatybilno\u015b\u0107: Samsung ML-1610, Samsung ML-1615, Samsung ML-1620, Samsung ML-1625, Samsung ML-2010, Samsung ML-2010P, Samsung ML-2010PR, Samsung ML-2015, Samsung ML-2020, Samsung ML-2321, Samsung ML-2510, Samsung ML-2570, Samsung ML-2570N, Samsung ML-2571, Samsung ML-2571N, Samsung SCX-4520, Samsung SCX-4521, Samsung SCX-4521F, Samsung SCX-4321, Samsung SCX-4321F<\/p>\n","protected":false},"featured_media":7656,"template":"","meta":{"jetpack_post_was_ever_published":false,"jetpack_publicize_message":"","jetpack_publicize_feature_enabled":true,"jetpack_social_post_already_shared":true,"jetpack_social_options":{"image_generator_settings":{"template":"highway","enabled":false}}},"product_cat":[200,203,234],"product_tag":[],"jetpack_publicize_connections":[],"jetpack_sharing_enabled":true,"_links":{"self":[{"href":"https:\/\/tuszuj.pl\/index.php?rest_route=\/wp\/v2\/product\/16267"}],"collection":[{"href":"https:\/\/tuszuj.pl\/index.php?rest_route=\/wp\/v2\/product"}],"about":[{"href":"https:\/\/tuszuj.pl\/index.php?rest_route=\/wp\/v2\/types\/product"}],"wp:featuredmedia":[{"embeddable":true,"href":"https:\/\/tuszuj.pl\/index.php?rest_route=\/wp\/v2\/media\/7656"}],"wp:attachment":[{"href":"https:\/\/tuszuj.pl\/index.php?rest_route=%2Fwp%2Fv2%2Fmedia&parent=16267"}],"wp:term":[{"taxonomy":"product_cat","embeddable":true,"href":"https:\/\/tuszuj.pl\/index.php?rest_route=%2Fwp%2Fv2%2Fproduct_cat&post=16267"},{"taxonomy":"product_tag","embeddable":true,"href":"https:\/\/tuszuj.pl\/index.php?rest_route=%2Fwp%2Fv2%2Fproduct_tag&post=16267"}],"curies":[{"name":"wp","href":"https:\/\/api.w.org\/{rel}","templated":true}]}}