{"id":16270,"date":"2020-03-29T19:52:34","date_gmt":"2020-03-29T17:52:34","guid":{"rendered":"https:\/\/tuszuj.pl\/?product=import-placeholder-for-9436"},"modified":"2022-05-22T23:26:40","modified_gmt":"2022-05-22T21:26:40","slug":"toner-jetworld-czarny-samsung-ml-1660-zamiennik-mltd1042s","status":"publish","type":"product","link":"https:\/\/tuszuj.pl\/?product=toner-jetworld-czarny-samsung-ml-1660-zamiennik-mltd1042s","title":{"rendered":"Toner JetWorld Czarny Samsung ML 1660 zamiennik  MLTD1042S 1,5K"},"content":{"rendered":"<p>Kolor: black<br \/>\nWydajno\u015b\u0107: 1500<br \/>\nKompatybilno\u015b\u0107: Samsung ML-1660, Samsung ML-1665, Samsung ML-1670, Samsung ML-1675, Samsung ML-1860, Samsung ML-1865, Samsung ML-1865W, Samsung ML-1870, Samsung ML-1874, Samsung SCX-3200, Samsung SCX-3205, Samsung SCX-3205W<\/p>\n","protected":false},"excerpt":{"rendered":"<p>Kolor: black Wydajno\u015b\u0107: 1500 Kompatybilno\u015b\u0107: Samsung ML-1660, Samsung ML-1665, Samsung ML-1670, Samsung ML-1675, Samsung ML-1860, Samsung ML-1865, Samsung ML-1865W, Samsung ML-1870, Samsung ML-1874, Samsung SCX-3200, Samsung SCX-3205, Samsung SCX-3205W<\/p>\n","protected":false},"featured_media":4226,"template":"","meta":{"jetpack_post_was_ever_published":false,"jetpack_publicize_message":"","jetpack_publicize_feature_enabled":true,"jetpack_social_post_already_shared":true,"jetpack_social_options":{"image_generator_settings":{"template":"highway","enabled":false}}},"product_cat":[200,203,234],"product_tag":[],"jetpack_publicize_connections":[],"jetpack_sharing_enabled":true,"_links":{"self":[{"href":"https:\/\/tuszuj.pl\/index.php?rest_route=\/wp\/v2\/product\/16270"}],"collection":[{"href":"https:\/\/tuszuj.pl\/index.php?rest_route=\/wp\/v2\/product"}],"about":[{"href":"https:\/\/tuszuj.pl\/index.php?rest_route=\/wp\/v2\/types\/product"}],"wp:featuredmedia":[{"embeddable":true,"href":"https:\/\/tuszuj.pl\/index.php?rest_route=\/wp\/v2\/media\/4226"}],"wp:attachment":[{"href":"https:\/\/tuszuj.pl\/index.php?rest_route=%2Fwp%2Fv2%2Fmedia&parent=16270"}],"wp:term":[{"taxonomy":"product_cat","embeddable":true,"href":"https:\/\/tuszuj.pl\/index.php?rest_route=%2Fwp%2Fv2%2Fproduct_cat&post=16270"},{"taxonomy":"product_tag","embeddable":true,"href":"https:\/\/tuszuj.pl\/index.php?rest_route=%2Fwp%2Fv2%2Fproduct_tag&post=16270"}],"curies":[{"name":"wp","href":"https:\/\/api.w.org\/{rel}","templated":true}]}}