{"id":16273,"date":"2020-03-29T19:52:34","date_gmt":"2020-03-29T17:52:34","guid":{"rendered":"https:\/\/tuszuj.pl\/?product=import-placeholder-for-9439"},"modified":"2022-05-28T21:16:07","modified_gmt":"2022-05-28T19:16:07","slug":"toner-jetworld-czarny-samsung-m2020-zamiennik-mlt-d111s-patent-free","status":"publish","type":"product","link":"https:\/\/tuszuj.pl\/?product=toner-jetworld-czarny-samsung-m2020-zamiennik-mlt-d111s-patent-free","title":{"rendered":"Toner JetWorld Czarny Samsung M2020 zamiennik MLT-D111S PATENT-FREE 1K"},"content":{"rendered":"<p>Kolor: black<br \/>\nWydajno\u015b\u0107: 1000<br \/>\nKompatybilno\u015b\u0107: Samsung Xpress SL-M2020, Samsung Xpress SL-M2020W, Samsung Xpress SL-M2021, Samsung Xpress SL-M2021W, Samsung Xpress SL-M2022, Samsung Xpress SL-M2022W, Samsung Xpress SL-M2026, Samsung Xpress SL-M2026W, Samsung Xpress SL-M2070, Samsung Xpress SL-M2070W, Samsung Xpress SL-M2070F, Samsung Xpress SL-M2070FW, Samsung Xpress SL-M2071, Samsung Xpress SL-M2071W, Samsung Xpress SL-M2071FH, Samsung Xpress SL-M2071FW, Samsung Xpress SL-M2071HW, Samsung Xpress SL-M2078, Samsung Xpress SL-M2078F, Samsung Xpress SL-M2078FW, Samsung Xpress SL-M2078W<\/p>\n","protected":false},"excerpt":{"rendered":"<p>Kolor: black Wydajno\u015b\u0107: 1000 Kompatybilno\u015b\u0107: Samsung Xpress SL-M2020, Samsung Xpress SL-M2020W, Samsung Xpress SL-M2021, Samsung Xpress SL-M2021W, Samsung Xpress SL-M2022, Samsung Xpress SL-M2022W, Samsung Xpress SL-M2026, Samsung Xpress SL-M2026W, Samsung Xpress SL-M2070, Samsung Xpress SL-M2070W, Samsung Xpress SL-M2070F, Samsung Xpress SL-M2070FW, Samsung Xpress SL-M2071, Samsung Xpress SL-M2071W, Samsung Xpress SL-M2071FH, Samsung Xpress SL-M2071FW, Samsung Xpress [&hellip;]<\/p>\n","protected":false},"featured_media":4428,"template":"","meta":{"jetpack_post_was_ever_published":false,"jetpack_publicize_message":"","jetpack_publicize_feature_enabled":true,"jetpack_social_post_already_shared":true,"jetpack_social_options":{"image_generator_settings":{"template":"highway","enabled":false}}},"product_cat":[200,203,234],"product_tag":[],"jetpack_publicize_connections":[],"jetpack_sharing_enabled":true,"_links":{"self":[{"href":"https:\/\/tuszuj.pl\/index.php?rest_route=\/wp\/v2\/product\/16273"}],"collection":[{"href":"https:\/\/tuszuj.pl\/index.php?rest_route=\/wp\/v2\/product"}],"about":[{"href":"https:\/\/tuszuj.pl\/index.php?rest_route=\/wp\/v2\/types\/product"}],"wp:featuredmedia":[{"embeddable":true,"href":"https:\/\/tuszuj.pl\/index.php?rest_route=\/wp\/v2\/media\/4428"}],"wp:attachment":[{"href":"https:\/\/tuszuj.pl\/index.php?rest_route=%2Fwp%2Fv2%2Fmedia&parent=16273"}],"wp:term":[{"taxonomy":"product_cat","embeddable":true,"href":"https:\/\/tuszuj.pl\/index.php?rest_route=%2Fwp%2Fv2%2Fproduct_cat&post=16273"},{"taxonomy":"product_tag","embeddable":true,"href":"https:\/\/tuszuj.pl\/index.php?rest_route=%2Fwp%2Fv2%2Fproduct_tag&post=16273"}],"curies":[{"name":"wp","href":"https:\/\/api.w.org\/{rel}","templated":true}]}}