{"id":16276,"date":"2020-03-29T19:52:35","date_gmt":"2020-03-29T17:52:35","guid":{"rendered":"https:\/\/tuszuj.pl\/?product=import-placeholder-for-9442"},"modified":"2022-05-22T23:20:18","modified_gmt":"2022-05-22T21:20:18","slug":"toner-jetworld-czarny-samsung-ml-2160-zamiennik-mlt-d101s","status":"publish","type":"product","link":"https:\/\/tuszuj.pl\/?product=toner-jetworld-czarny-samsung-ml-2160-zamiennik-mlt-d101s","title":{"rendered":"Toner JetWorld Czarny Samsung ML 2160 zamiennik  MLT-D101S"},"content":{"rendered":"<p>Kolor: black<br \/>\nWydajno\u015b\u0107: 1500<br \/>\nKompatybilno\u015b\u0107: Samsung ML-2160, Samsung ML-2162, Samsung ML-2164, Samsung ML-2165, Samsung ML-2165W, Samsung ML-2168, Samsung SCX-3400, Samsung SCX-3400F, Samsung SCX-3405F, Samsung SCX-2405W, Samsung SCX-3405FW, Samsung SCX-3405W, Samsung SCX-2405, Samsung SF-760P<\/p>\n","protected":false},"excerpt":{"rendered":"<p>Kolor: black Wydajno\u015b\u0107: 1500 Kompatybilno\u015b\u0107: Samsung ML-2160, Samsung ML-2162, Samsung ML-2164, Samsung ML-2165, Samsung ML-2165W, Samsung ML-2168, Samsung SCX-3400, Samsung SCX-3400F, Samsung SCX-3405F, Samsung SCX-2405W, Samsung SCX-3405FW, Samsung SCX-3405W, Samsung SCX-2405, Samsung SF-760P<\/p>\n","protected":false},"featured_media":4226,"template":"","meta":{"jetpack_post_was_ever_published":false,"jetpack_publicize_message":"","jetpack_publicize_feature_enabled":true,"jetpack_social_post_already_shared":true,"jetpack_social_options":{"image_generator_settings":{"template":"highway","enabled":false}}},"product_cat":[200,203,234],"product_tag":[],"jetpack_publicize_connections":[],"jetpack_sharing_enabled":true,"_links":{"self":[{"href":"https:\/\/tuszuj.pl\/index.php?rest_route=\/wp\/v2\/product\/16276"}],"collection":[{"href":"https:\/\/tuszuj.pl\/index.php?rest_route=\/wp\/v2\/product"}],"about":[{"href":"https:\/\/tuszuj.pl\/index.php?rest_route=\/wp\/v2\/types\/product"}],"wp:featuredmedia":[{"embeddable":true,"href":"https:\/\/tuszuj.pl\/index.php?rest_route=\/wp\/v2\/media\/4226"}],"wp:attachment":[{"href":"https:\/\/tuszuj.pl\/index.php?rest_route=%2Fwp%2Fv2%2Fmedia&parent=16276"}],"wp:term":[{"taxonomy":"product_cat","embeddable":true,"href":"https:\/\/tuszuj.pl\/index.php?rest_route=%2Fwp%2Fv2%2Fproduct_cat&post=16276"},{"taxonomy":"product_tag","embeddable":true,"href":"https:\/\/tuszuj.pl\/index.php?rest_route=%2Fwp%2Fv2%2Fproduct_tag&post=16276"}],"curies":[{"name":"wp","href":"https:\/\/api.w.org\/{rel}","templated":true}]}}