{"id":16349,"date":"2020-03-29T19:53:39","date_gmt":"2020-03-29T17:53:39","guid":{"rendered":"https:\/\/tuszuj.pl\/?product=import-placeholder-for-9515"},"modified":"2023-07-18T10:10:22","modified_gmt":"2023-07-18T08:10:22","slug":"toner-jetworld-magenta-samsung-patent-free-c430w-zamiennik-clt-m404s","status":"publish","type":"product","link":"https:\/\/tuszuj.pl\/?product=toner-jetworld-magenta-samsung-patent-free-c430w-zamiennik-clt-m404s","title":{"rendered":"Toner JetWorld Magenta Samsung PATENT-FREE C430W zamiennik CLT-M404S 1K"},"content":{"rendered":"<p>Kolor: magenta<br \/>\nWydajno\u015b\u0107: 1000<br \/>\nKompatybilno\u015b\u0107: Samsung Xpress C430W, Samsung Xpress C480FW, Samsung Xpress C480W. Samsung SL-C430W, SL-C480FW, SL-C480W<\/p>\n","protected":false},"excerpt":{"rendered":"<p>Kolor: magenta Wydajno\u015b\u0107: 1000 Kompatybilno\u015b\u0107: Samsung Xpress C430W, Samsung Xpress C480FW, Samsung Xpress C480W. Samsung SL-C430W, SL-C480FW, SL-C480W<\/p>\n","protected":false},"featured_media":4226,"template":"","meta":{"jetpack_post_was_ever_published":false,"jetpack_publicize_message":"","jetpack_publicize_feature_enabled":true,"jetpack_social_post_already_shared":true,"jetpack_social_options":{"image_generator_settings":{"template":"highway","enabled":false}}},"product_cat":[200,203,234],"product_tag":[],"jetpack_publicize_connections":[],"jetpack_sharing_enabled":true,"_links":{"self":[{"href":"https:\/\/tuszuj.pl\/index.php?rest_route=\/wp\/v2\/product\/16349"}],"collection":[{"href":"https:\/\/tuszuj.pl\/index.php?rest_route=\/wp\/v2\/product"}],"about":[{"href":"https:\/\/tuszuj.pl\/index.php?rest_route=\/wp\/v2\/types\/product"}],"wp:featuredmedia":[{"embeddable":true,"href":"https:\/\/tuszuj.pl\/index.php?rest_route=\/wp\/v2\/media\/4226"}],"wp:attachment":[{"href":"https:\/\/tuszuj.pl\/index.php?rest_route=%2Fwp%2Fv2%2Fmedia&parent=16349"}],"wp:term":[{"taxonomy":"product_cat","embeddable":true,"href":"https:\/\/tuszuj.pl\/index.php?rest_route=%2Fwp%2Fv2%2Fproduct_cat&post=16349"},{"taxonomy":"product_tag","embeddable":true,"href":"https:\/\/tuszuj.pl\/index.php?rest_route=%2Fwp%2Fv2%2Fproduct_tag&post=16349"}],"curies":[{"name":"wp","href":"https:\/\/api.w.org\/{rel}","templated":true}]}}