{"id":16372,"date":"2020-03-29T19:54:09","date_gmt":"2020-03-29T17:54:09","guid":{"rendered":"https:\/\/tuszuj.pl\/?product=import-placeholder-for-9538"},"modified":"2022-05-27T22:25:04","modified_gmt":"2022-05-27T20:25:04","slug":"toner-jetworld-czarny-samsung-scx-5635-zamiennik-mlt-d2082l","status":"publish","type":"product","link":"https:\/\/tuszuj.pl\/?product=toner-jetworld-czarny-samsung-scx-5635-zamiennik-mlt-d2082l","title":{"rendered":"Toner JetWorld Czarny Samsung SCX 5635 zamiennik  MLT-D2082L"},"content":{"rendered":"<p>Kolor: black<br \/>\nWydajno\u015b\u0107: 10000<br \/>\nKompatybilno\u015b\u0107: Samsung SCX-5635FN, Samsung SCX-5835FN, Samsung ML-1635 , Samsung ML-3475<\/p>\n","protected":false},"excerpt":{"rendered":"<p>Kolor: black Wydajno\u015b\u0107: 10000 Kompatybilno\u015b\u0107: Samsung SCX-5635FN, Samsung SCX-5835FN, Samsung ML-1635 , Samsung ML-3475<\/p>\n","protected":false},"featured_media":4226,"template":"","meta":{"jetpack_post_was_ever_published":false,"jetpack_publicize_message":"","jetpack_publicize_feature_enabled":true,"jetpack_social_post_already_shared":true,"jetpack_social_options":{"image_generator_settings":{"template":"highway","enabled":false}}},"product_cat":[200,203,234],"product_tag":[],"jetpack_publicize_connections":[],"jetpack_sharing_enabled":true,"_links":{"self":[{"href":"https:\/\/tuszuj.pl\/index.php?rest_route=\/wp\/v2\/product\/16372"}],"collection":[{"href":"https:\/\/tuszuj.pl\/index.php?rest_route=\/wp\/v2\/product"}],"about":[{"href":"https:\/\/tuszuj.pl\/index.php?rest_route=\/wp\/v2\/types\/product"}],"wp:featuredmedia":[{"embeddable":true,"href":"https:\/\/tuszuj.pl\/index.php?rest_route=\/wp\/v2\/media\/4226"}],"wp:attachment":[{"href":"https:\/\/tuszuj.pl\/index.php?rest_route=%2Fwp%2Fv2%2Fmedia&parent=16372"}],"wp:term":[{"taxonomy":"product_cat","embeddable":true,"href":"https:\/\/tuszuj.pl\/index.php?rest_route=%2Fwp%2Fv2%2Fproduct_cat&post=16372"},{"taxonomy":"product_tag","embeddable":true,"href":"https:\/\/tuszuj.pl\/index.php?rest_route=%2Fwp%2Fv2%2Fproduct_tag&post=16372"}],"curies":[{"name":"wp","href":"https:\/\/api.w.org\/{rel}","templated":true}]}}