{"id":17107,"date":"2020-03-29T20:06:39","date_gmt":"2020-03-29T18:06:39","guid":{"rendered":"https:\/\/tuszuj.pl\/?product=import-placeholder-for-10274"},"modified":"2022-05-22T21:05:27","modified_gmt":"2022-05-22T19:05:27","slug":"tusz-jetworld-cyan-brother-lc1240-zamiennik-lc-1240c","status":"publish","type":"product","link":"https:\/\/tuszuj.pl\/?product=tusz-jetworld-cyan-brother-lc1240-zamiennik-lc-1240c","title":{"rendered":"Tusz JetWorld  Cyan BROTHER LC1240 zamiennik LC 1240C"},"content":{"rendered":"<p>Kolor: cyan<br \/>\nWydajno\u015b\u0107: 20 ml<br \/>\nKompatybilno\u015b\u0107: Brother DCP-J525W, Brother DCP-J725DW, Brother DCP-J925DW, Brother MFC-J430W, Brother MFC-J625DW, Brother MFC-J825DW, Brother MFC-J5910DW, Brother MFC-J6510DW, Brother MFC-J6710DW, Brother MFC-J6910DW<\/p>\n","protected":false},"excerpt":{"rendered":"<p>Kolor: cyan Wydajno\u015b\u0107: 20 ml Kompatybilno\u015b\u0107: Brother DCP-J525W, Brother DCP-J725DW, Brother DCP-J925DW, Brother MFC-J430W, Brother MFC-J625DW, Brother MFC-J825DW, Brother MFC-J5910DW, Brother MFC-J6510DW, Brother MFC-J6710DW, Brother MFC-J6910DW<\/p>\n","protected":false},"featured_media":10268,"template":"","meta":{"jetpack_post_was_ever_published":false,"jetpack_publicize_message":"","jetpack_publicize_feature_enabled":true,"jetpack_social_post_already_shared":true,"jetpack_social_options":{"image_generator_settings":{"template":"highway","enabled":false}}},"product_cat":[200,251,204],"product_tag":[],"jetpack_publicize_connections":[],"jetpack_sharing_enabled":true,"_links":{"self":[{"href":"https:\/\/tuszuj.pl\/index.php?rest_route=\/wp\/v2\/product\/17107"}],"collection":[{"href":"https:\/\/tuszuj.pl\/index.php?rest_route=\/wp\/v2\/product"}],"about":[{"href":"https:\/\/tuszuj.pl\/index.php?rest_route=\/wp\/v2\/types\/product"}],"wp:featuredmedia":[{"embeddable":true,"href":"https:\/\/tuszuj.pl\/index.php?rest_route=\/wp\/v2\/media\/10268"}],"wp:attachment":[{"href":"https:\/\/tuszuj.pl\/index.php?rest_route=%2Fwp%2Fv2%2Fmedia&parent=17107"}],"wp:term":[{"taxonomy":"product_cat","embeddable":true,"href":"https:\/\/tuszuj.pl\/index.php?rest_route=%2Fwp%2Fv2%2Fproduct_cat&post=17107"},{"taxonomy":"product_tag","embeddable":true,"href":"https:\/\/tuszuj.pl\/index.php?rest_route=%2Fwp%2Fv2%2Fproduct_tag&post=17107"}],"curies":[{"name":"wp","href":"https:\/\/api.w.org\/{rel}","templated":true}]}}