{"id":17111,"date":"2020-03-29T20:06:39","date_gmt":"2020-03-29T18:06:39","guid":{"rendered":"https:\/\/tuszuj.pl\/?product=import-placeholder-for-10278"},"modified":"2022-05-22T21:02:36","modified_gmt":"2022-05-22T19:02:36","slug":"tusz-jetworld-black-brother-t300-zamiennik-bt6000bk","status":"publish","type":"product","link":"https:\/\/tuszuj.pl\/?product=tusz-jetworld-black-brother-t300-zamiennik-bt6000bk","title":{"rendered":"Tusz JetWorld  Black Brother T300 zamiennik BT6000BK"},"content":{"rendered":"<p>Kolor: czarny<br \/>\nWydajno\u015b\u0107: 7000<br \/>\nKompatybilno\u015b\u0107: Brother DCP-T300, Brother DCP-T500W, Brother DCP-T700W, Brother MFC-T800W, Brother DCP-T310, Brother DCP-T510W, Brother DCP-T710W, Brother MFC-T910DW InkBenefit Plus<\/p>\n","protected":false},"excerpt":{"rendered":"<p>Kolor: czarny Wydajno\u015b\u0107: 7000 Kompatybilno\u015b\u0107: Brother DCP-T300, Brother DCP-T500W, Brother DCP-T700W, Brother MFC-T800W, Brother DCP-T310, Brother DCP-T510W, Brother DCP-T710W, Brother MFC-T910DW InkBenefit Plus<\/p>\n","protected":false},"featured_media":6677,"template":"","meta":{"jetpack_post_was_ever_published":false,"jetpack_publicize_message":"","jetpack_publicize_feature_enabled":true,"jetpack_social_post_already_shared":true,"jetpack_social_options":{"image_generator_settings":{"template":"highway","enabled":false}}},"product_cat":[200,251,204],"product_tag":[],"jetpack_publicize_connections":[],"jetpack_sharing_enabled":true,"_links":{"self":[{"href":"https:\/\/tuszuj.pl\/index.php?rest_route=\/wp\/v2\/product\/17111"}],"collection":[{"href":"https:\/\/tuszuj.pl\/index.php?rest_route=\/wp\/v2\/product"}],"about":[{"href":"https:\/\/tuszuj.pl\/index.php?rest_route=\/wp\/v2\/types\/product"}],"wp:featuredmedia":[{"embeddable":true,"href":"https:\/\/tuszuj.pl\/index.php?rest_route=\/wp\/v2\/media\/6677"}],"wp:attachment":[{"href":"https:\/\/tuszuj.pl\/index.php?rest_route=%2Fwp%2Fv2%2Fmedia&parent=17111"}],"wp:term":[{"taxonomy":"product_cat","embeddable":true,"href":"https:\/\/tuszuj.pl\/index.php?rest_route=%2Fwp%2Fv2%2Fproduct_cat&post=17111"},{"taxonomy":"product_tag","embeddable":true,"href":"https:\/\/tuszuj.pl\/index.php?rest_route=%2Fwp%2Fv2%2Fproduct_tag&post=17111"}],"curies":[{"name":"wp","href":"https:\/\/api.w.org\/{rel}","templated":true}]}}