{"id":17112,"date":"2020-03-29T20:06:40","date_gmt":"2020-03-29T18:06:40","guid":{"rendered":"https:\/\/tuszuj.pl\/?product=import-placeholder-for-10279"},"modified":"2022-05-22T21:01:33","modified_gmt":"2022-05-22T19:01:33","slug":"tusz-jetworld-cyan-brother-t300-zamiennik-bt5000c","status":"publish","type":"product","link":"https:\/\/tuszuj.pl\/?product=tusz-jetworld-cyan-brother-t300-zamiennik-bt5000c","title":{"rendered":"Tusz JetWorld  Cyan Brother T300 zamiennik BT5000C"},"content":{"rendered":"<p>Kolor: cyan<br \/>\nWydajno\u015b\u0107: 6000<br \/>\nKompatybilno\u015b\u0107: Brother DCP-T300, Brother DCP-T500W, Brother DCP-T700W, Brother MFC-T800W, Brother DCP-T310, Brother DCP-T510W, Brother DCP-T710W, Brother MFC-T910DW InkBenefit Plus<\/p>\n","protected":false},"excerpt":{"rendered":"<p>Kolor: cyan Wydajno\u015b\u0107: 6000 Kompatybilno\u015b\u0107: Brother DCP-T300, Brother DCP-T500W, Brother DCP-T700W, Brother MFC-T800W, Brother DCP-T310, Brother DCP-T510W, Brother DCP-T710W, Brother MFC-T910DW InkBenefit Plus<\/p>\n","protected":false},"featured_media":6679,"template":"","meta":{"jetpack_post_was_ever_published":false,"jetpack_publicize_message":"","jetpack_publicize_feature_enabled":true,"jetpack_social_post_already_shared":true,"jetpack_social_options":{"image_generator_settings":{"template":"highway","enabled":false}}},"product_cat":[200,251,204],"product_tag":[],"jetpack_publicize_connections":[],"jetpack_sharing_enabled":true,"_links":{"self":[{"href":"https:\/\/tuszuj.pl\/index.php?rest_route=\/wp\/v2\/product\/17112"}],"collection":[{"href":"https:\/\/tuszuj.pl\/index.php?rest_route=\/wp\/v2\/product"}],"about":[{"href":"https:\/\/tuszuj.pl\/index.php?rest_route=\/wp\/v2\/types\/product"}],"wp:featuredmedia":[{"embeddable":true,"href":"https:\/\/tuszuj.pl\/index.php?rest_route=\/wp\/v2\/media\/6679"}],"wp:attachment":[{"href":"https:\/\/tuszuj.pl\/index.php?rest_route=%2Fwp%2Fv2%2Fmedia&parent=17112"}],"wp:term":[{"taxonomy":"product_cat","embeddable":true,"href":"https:\/\/tuszuj.pl\/index.php?rest_route=%2Fwp%2Fv2%2Fproduct_cat&post=17112"},{"taxonomy":"product_tag","embeddable":true,"href":"https:\/\/tuszuj.pl\/index.php?rest_route=%2Fwp%2Fv2%2Fproduct_tag&post=17112"}],"curies":[{"name":"wp","href":"https:\/\/api.w.org\/{rel}","templated":true}]}}