{"id":17126,"date":"2020-03-29T20:06:42","date_gmt":"2020-03-29T18:06:42","guid":{"rendered":"https:\/\/tuszuj.pl\/?product=import-placeholder-for-10293"},"modified":"2022-05-22T20:57:10","modified_gmt":"2022-05-22T18:57:10","slug":"tusz-jetworld-yellow-brother-lc3619y-zamiennik-cb3619-3617xly","status":"publish","type":"product","link":"https:\/\/tuszuj.pl\/?product=tusz-jetworld-yellow-brother-lc3619y-zamiennik-cb3619-3617xly","title":{"rendered":"Tusz JetWorld  Yellow Brother LC3619Y zamiennik CB3619\/3617XLY"},"content":{"rendered":"<p>Kolor: yellow<br \/>\nWydajno\u015b\u0107: 20 ml<br \/>\nKompatybilno\u015b\u0107: Brother MFC-J2330DW, Brother MFC-J2730DW, Brother MFC-J3530DW, Brother MFC-J3590DW, Brother MFC-J3930DW<\/p>\n","protected":false},"excerpt":{"rendered":"<p>Kolor: yellow Wydajno\u015b\u0107: 20 ml Kompatybilno\u015b\u0107: Brother MFC-J2330DW, Brother MFC-J2730DW, Brother MFC-J3530DW, Brother MFC-J3590DW, Brother MFC-J3930DW<\/p>\n","protected":false},"featured_media":6683,"template":"","meta":{"jetpack_post_was_ever_published":false,"jetpack_publicize_message":"","jetpack_publicize_feature_enabled":true,"jetpack_social_post_already_shared":true,"jetpack_social_options":{"image_generator_settings":{"template":"highway","enabled":false}}},"product_cat":[200,251,204],"product_tag":[],"jetpack_publicize_connections":[],"jetpack_sharing_enabled":true,"_links":{"self":[{"href":"https:\/\/tuszuj.pl\/index.php?rest_route=\/wp\/v2\/product\/17126"}],"collection":[{"href":"https:\/\/tuszuj.pl\/index.php?rest_route=\/wp\/v2\/product"}],"about":[{"href":"https:\/\/tuszuj.pl\/index.php?rest_route=\/wp\/v2\/types\/product"}],"wp:featuredmedia":[{"embeddable":true,"href":"https:\/\/tuszuj.pl\/index.php?rest_route=\/wp\/v2\/media\/6683"}],"wp:attachment":[{"href":"https:\/\/tuszuj.pl\/index.php?rest_route=%2Fwp%2Fv2%2Fmedia&parent=17126"}],"wp:term":[{"taxonomy":"product_cat","embeddable":true,"href":"https:\/\/tuszuj.pl\/index.php?rest_route=%2Fwp%2Fv2%2Fproduct_cat&post=17126"},{"taxonomy":"product_tag","embeddable":true,"href":"https:\/\/tuszuj.pl\/index.php?rest_route=%2Fwp%2Fv2%2Fproduct_tag&post=17126"}],"curies":[{"name":"wp","href":"https:\/\/api.w.org\/{rel}","templated":true}]}}