{"id":17290,"date":"2020-03-29T20:09:37","date_gmt":"2020-03-29T18:09:37","guid":{"rendered":"https:\/\/tuszuj.pl\/?product=import-placeholder-for-10457"},"modified":"2026-01-06T20:17:36","modified_gmt":"2026-01-06T19:17:36","slug":"tusz-jetworld-trojkolorowy-hp-703-zamiennik-refabrykowany-cd888ae","status":"publish","type":"product","link":"https:\/\/tuszuj.pl\/?product=tusz-jetworld-trojkolorowy-hp-703-zamiennik-refabrykowany-cd888ae","title":{"rendered":"Tusz JetWorld  Tr\u00f3jkolorowy HP 703 zamiennik refabrykowany CD888AE"},"content":{"rendered":"<p>Kolor: tr\u00f3jkolorowy<br \/>\nWydajno\u015b\u0107: 18 ml<br \/>\nKompatybilno\u015b\u0107: HP Deskjet D730 (CB728A), HP Deskjet F735 (CB727A), HP Deskjet Ink Advantage (CV035A), HP Deskjet Ink Advantage K109a (CH367A), HP Deskjet Ink Advantage K209a (CH368A), HP DeskJet Ink Advantage K209g (CV035A), HP Photosmart Ink Advantage K510a (CQ796A) (P4C78A)<\/p>\n","protected":false},"excerpt":{"rendered":"<p>Kolor: tr\u00f3jkolorowy Wydajno\u015b\u0107: 18 ml Kompatybilno\u015b\u0107: HP Deskjet D730 (CB728A), HP Deskjet F735 (CB727A), HP Deskjet Ink Advantage (CV035A), HP Deskjet Ink Advantage K109a (CH367A), HP Deskjet Ink Advantage K209a (CH368A), HP DeskJet Ink Advantage K209g (CV035A), HP Photosmart Ink Advantage K510a (CQ796A) (P4C78A)<\/p>\n","protected":false},"featured_media":6746,"template":"","meta":{"jetpack_post_was_ever_published":false,"jetpack_publicize_message":"","jetpack_publicize_feature_enabled":true,"jetpack_social_post_already_shared":true,"jetpack_social_options":{"image_generator_settings":{"template":"highway","enabled":false}}},"product_cat":[200,254,204],"product_tag":[],"jetpack_publicize_connections":[],"jetpack_sharing_enabled":true,"_links":{"self":[{"href":"https:\/\/tuszuj.pl\/index.php?rest_route=\/wp\/v2\/product\/17290"}],"collection":[{"href":"https:\/\/tuszuj.pl\/index.php?rest_route=\/wp\/v2\/product"}],"about":[{"href":"https:\/\/tuszuj.pl\/index.php?rest_route=\/wp\/v2\/types\/product"}],"wp:featuredmedia":[{"embeddable":true,"href":"https:\/\/tuszuj.pl\/index.php?rest_route=\/wp\/v2\/media\/6746"}],"wp:attachment":[{"href":"https:\/\/tuszuj.pl\/index.php?rest_route=%2Fwp%2Fv2%2Fmedia&parent=17290"}],"wp:term":[{"taxonomy":"product_cat","embeddable":true,"href":"https:\/\/tuszuj.pl\/index.php?rest_route=%2Fwp%2Fv2%2Fproduct_cat&post=17290"},{"taxonomy":"product_tag","embeddable":true,"href":"https:\/\/tuszuj.pl\/index.php?rest_route=%2Fwp%2Fv2%2Fproduct_tag&post=17290"}],"curies":[{"name":"wp","href":"https:\/\/api.w.org\/{rel}","templated":true}]}}