{"id":17408,"date":"2020-03-29T20:11:56","date_gmt":"2020-03-29T18:11:56","guid":{"rendered":"https:\/\/tuszuj.pl\/?product=import-placeholder-for-10575"},"modified":"2022-05-25T21:53:01","modified_gmt":"2022-05-25T19:53:01","slug":"tusz-wox-yellow-brother-lc1280y-zamiennik-lc1280y","status":"publish","type":"product","link":"https:\/\/tuszuj.pl\/?product=tusz-wox-yellow-brother-lc1280y-zamiennik-lc1280y","title":{"rendered":"Tusz Wox Yellow BROTHER LC1280Y zamiennik LC1280Y"},"content":{"rendered":"<p>Kolor: yellow<br \/>\nWydajno\u015b\u0107: 27 ml<br \/>\nKompatybilno\u015b\u0107: Brother DCP-J525W, Brother DCP-J725DW, Brother DCP-J925DW, Brother MFC-J430W, Brother MFC-J625DW, Brother MFC-J825DW, Brother MFC-J5910DW, Brother MFC-J6510DW, Brother MFC-J6710DW, Brother MFC-J6910DW<\/p>\n","protected":false},"excerpt":{"rendered":"<p>Kolor: yellow Wydajno\u015b\u0107: 27 ml Kompatybilno\u015b\u0107: Brother DCP-J525W, Brother DCP-J725DW, Brother DCP-J925DW, Brother MFC-J430W, Brother MFC-J625DW, Brother MFC-J825DW, Brother MFC-J5910DW, Brother MFC-J6510DW, Brother MFC-J6710DW, Brother MFC-J6910DW<\/p>\n","protected":false},"featured_media":10268,"template":"","meta":{"jetpack_post_was_ever_published":false,"jetpack_publicize_message":"","jetpack_publicize_feature_enabled":true,"jetpack_social_post_already_shared":true,"jetpack_social_options":{"image_generator_settings":{"template":"highway","enabled":false}}},"product_cat":[200,251,204],"product_tag":[],"jetpack_publicize_connections":[],"jetpack_sharing_enabled":true,"_links":{"self":[{"href":"https:\/\/tuszuj.pl\/index.php?rest_route=\/wp\/v2\/product\/17408"}],"collection":[{"href":"https:\/\/tuszuj.pl\/index.php?rest_route=\/wp\/v2\/product"}],"about":[{"href":"https:\/\/tuszuj.pl\/index.php?rest_route=\/wp\/v2\/types\/product"}],"wp:featuredmedia":[{"embeddable":true,"href":"https:\/\/tuszuj.pl\/index.php?rest_route=\/wp\/v2\/media\/10268"}],"wp:attachment":[{"href":"https:\/\/tuszuj.pl\/index.php?rest_route=%2Fwp%2Fv2%2Fmedia&parent=17408"}],"wp:term":[{"taxonomy":"product_cat","embeddable":true,"href":"https:\/\/tuszuj.pl\/index.php?rest_route=%2Fwp%2Fv2%2Fproduct_cat&post=17408"},{"taxonomy":"product_tag","embeddable":true,"href":"https:\/\/tuszuj.pl\/index.php?rest_route=%2Fwp%2Fv2%2Fproduct_tag&post=17408"}],"curies":[{"name":"wp","href":"https:\/\/api.w.org\/{rel}","templated":true}]}}