{"id":17430,"date":"2020-03-29T20:12:25","date_gmt":"2020-03-29T18:12:25","guid":{"rendered":"https:\/\/tuszuj.pl\/?product=import-placeholder-for-10597"},"modified":"2022-05-25T21:48:47","modified_gmt":"2022-05-25T19:48:47","slug":"tusz-wox-yellow-brother-lc3619y-zamiennik-lc3619y","status":"publish","type":"product","link":"https:\/\/tuszuj.pl\/?product=tusz-wox-yellow-brother-lc3619y-zamiennik-lc3619y","title":{"rendered":"Tusz Wox Yellow Brother LC3619Y zamiennik (LC3619Y)"},"content":{"rendered":"<p>Kolor: yellow<br \/>\nWydajno\u015b\u0107: 20 ml<br \/>\nKompatybilno\u015b\u0107: Brother MFC-J2330DW, Brother MFC-J2730DW, Brother MFC-J3530DW, Brother MFC-J3590DW, Brother MFC-J3930DW<\/p>\n","protected":false},"excerpt":{"rendered":"<p>Kolor: yellow Wydajno\u015b\u0107: 20 ml Kompatybilno\u015b\u0107: Brother MFC-J2330DW, Brother MFC-J2730DW, Brother MFC-J3530DW, Brother MFC-J3590DW, Brother MFC-J3930DW<\/p>\n","protected":false},"featured_media":7041,"template":"","meta":{"jetpack_post_was_ever_published":false,"jetpack_publicize_message":"","jetpack_publicize_feature_enabled":true,"jetpack_social_post_already_shared":true,"jetpack_social_options":{"image_generator_settings":{"template":"highway","enabled":false}}},"product_cat":[200,251,204],"product_tag":[],"jetpack_publicize_connections":[],"jetpack_sharing_enabled":true,"_links":{"self":[{"href":"https:\/\/tuszuj.pl\/index.php?rest_route=\/wp\/v2\/product\/17430"}],"collection":[{"href":"https:\/\/tuszuj.pl\/index.php?rest_route=\/wp\/v2\/product"}],"about":[{"href":"https:\/\/tuszuj.pl\/index.php?rest_route=\/wp\/v2\/types\/product"}],"wp:featuredmedia":[{"embeddable":true,"href":"https:\/\/tuszuj.pl\/index.php?rest_route=\/wp\/v2\/media\/7041"}],"wp:attachment":[{"href":"https:\/\/tuszuj.pl\/index.php?rest_route=%2Fwp%2Fv2%2Fmedia&parent=17430"}],"wp:term":[{"taxonomy":"product_cat","embeddable":true,"href":"https:\/\/tuszuj.pl\/index.php?rest_route=%2Fwp%2Fv2%2Fproduct_cat&post=17430"},{"taxonomy":"product_tag","embeddable":true,"href":"https:\/\/tuszuj.pl\/index.php?rest_route=%2Fwp%2Fv2%2Fproduct_tag&post=17430"}],"curies":[{"name":"wp","href":"https:\/\/api.w.org\/{rel}","templated":true}]}}