{"id":17431,"date":"2020-03-29T20:12:26","date_gmt":"2020-03-29T18:12:26","guid":{"rendered":"https:\/\/tuszuj.pl\/?product=import-placeholder-for-10598"},"modified":"2022-05-25T21:45:39","modified_gmt":"2022-05-25T19:45:39","slug":"tusz-wox-cyan-brother-lc-525c-zamiennik-lc525xlc","status":"publish","type":"product","link":"https:\/\/tuszuj.pl\/?product=tusz-wox-cyan-brother-lc-525c-zamiennik-lc525xlc","title":{"rendered":"Tusz Wox Cyan Brother LC 525C zamiennik LC525XLC"},"content":{"rendered":"<p>Kolor: cyan<br \/>\nWydajno\u015b\u0107: 15 ml<br \/>\nKompatybilno\u015b\u0107: Brother DCP-J100, Brother DCP-J105, Brother MFC-J200<\/p>\n","protected":false},"excerpt":{"rendered":"<p>Kolor: cyan Wydajno\u015b\u0107: 15 ml Kompatybilno\u015b\u0107: Brother DCP-J100, Brother DCP-J105, Brother MFC-J200<\/p>\n","protected":false},"featured_media":7043,"template":"","meta":{"jetpack_post_was_ever_published":false,"jetpack_publicize_message":"","jetpack_publicize_feature_enabled":true,"jetpack_social_post_already_shared":true,"jetpack_social_options":{"image_generator_settings":{"template":"highway","enabled":false}}},"product_cat":[200,251,204],"product_tag":[],"jetpack_publicize_connections":[],"jetpack_sharing_enabled":true,"_links":{"self":[{"href":"https:\/\/tuszuj.pl\/index.php?rest_route=\/wp\/v2\/product\/17431"}],"collection":[{"href":"https:\/\/tuszuj.pl\/index.php?rest_route=\/wp\/v2\/product"}],"about":[{"href":"https:\/\/tuszuj.pl\/index.php?rest_route=\/wp\/v2\/types\/product"}],"wp:featuredmedia":[{"embeddable":true,"href":"https:\/\/tuszuj.pl\/index.php?rest_route=\/wp\/v2\/media\/7043"}],"wp:attachment":[{"href":"https:\/\/tuszuj.pl\/index.php?rest_route=%2Fwp%2Fv2%2Fmedia&parent=17431"}],"wp:term":[{"taxonomy":"product_cat","embeddable":true,"href":"https:\/\/tuszuj.pl\/index.php?rest_route=%2Fwp%2Fv2%2Fproduct_cat&post=17431"},{"taxonomy":"product_tag","embeddable":true,"href":"https:\/\/tuszuj.pl\/index.php?rest_route=%2Fwp%2Fv2%2Fproduct_tag&post=17431"}],"curies":[{"name":"wp","href":"https:\/\/api.w.org\/{rel}","templated":true}]}}