{"id":17441,"date":"2020-03-29T20:12:28","date_gmt":"2020-03-29T18:12:28","guid":{"rendered":"https:\/\/tuszuj.pl\/?product=import-placeholder-for-10608"},"modified":"2022-05-25T21:39:14","modified_gmt":"2022-05-25T19:39:14","slug":"tusz-wox-magenta-brother-lc970m-lc1000m-zamiennik-lc970m-lc1000m","status":"publish","type":"product","link":"https:\/\/tuszuj.pl\/?product=tusz-wox-magenta-brother-lc970m-lc1000m-zamiennik-lc970m-lc1000m","title":{"rendered":"Tusz Wox Magenta BROTHER LC970M \/ LC1000M zamiennik LC970M \/ LC1000M"},"content":{"rendered":"<p>Kolor: magenta<br \/>\nWydajno\u015b\u0107: 35 ml<br \/>\nKompatybilno\u015b\u0107: Brother DCP135C, Brother DCP150C, Brother MFC235C, Brother MFC260C, Brother FAX-2480C, Brother FAX-1360, Brother FAX-1460, Brother FAX-1560, Brother DCP-130C, Brother DCP-330C, Brother DCP-350C, Brother DCP-357C, Brother DCP-540CN, Brother DCP-560CN, Brother DCP-750CW, Brother DCP-770CW, Brother MFC-240C, Brother MFC-440CN, Brother MFC-465CN, Brother MFC-660CN, Brother MFC-665CW, Brother MFC-845CW, Brother MFC-3360C, Brother MFC-5460CN, Brother MFC-5860CN<\/p>\n","protected":false},"excerpt":{"rendered":"<p>Kolor: magenta Wydajno\u015b\u0107: 35 ml Kompatybilno\u015b\u0107: Brother DCP135C, Brother DCP150C, Brother MFC235C, Brother MFC260C, Brother FAX-2480C, Brother FAX-1360, Brother FAX-1460, Brother FAX-1560, Brother DCP-130C, Brother DCP-330C, Brother DCP-350C, Brother DCP-357C, Brother DCP-540CN, Brother DCP-560CN, Brother DCP-750CW, Brother DCP-770CW, Brother MFC-240C, Brother MFC-440CN, Brother MFC-465CN, Brother MFC-660CN, Brother MFC-665CW, Brother MFC-845CW, Brother MFC-3360C, Brother MFC-5460CN, Brother [&hellip;]<\/p>\n","protected":false},"featured_media":24851,"template":"","meta":{"jetpack_post_was_ever_published":false,"jetpack_publicize_message":"","jetpack_publicize_feature_enabled":true,"jetpack_social_post_already_shared":true,"jetpack_social_options":{"image_generator_settings":{"template":"highway","enabled":false}}},"product_cat":[200,251,204],"product_tag":[],"jetpack_publicize_connections":[],"jetpack_sharing_enabled":true,"_links":{"self":[{"href":"https:\/\/tuszuj.pl\/index.php?rest_route=\/wp\/v2\/product\/17441"}],"collection":[{"href":"https:\/\/tuszuj.pl\/index.php?rest_route=\/wp\/v2\/product"}],"about":[{"href":"https:\/\/tuszuj.pl\/index.php?rest_route=\/wp\/v2\/types\/product"}],"wp:featuredmedia":[{"embeddable":true,"href":"https:\/\/tuszuj.pl\/index.php?rest_route=\/wp\/v2\/media\/24851"}],"wp:attachment":[{"href":"https:\/\/tuszuj.pl\/index.php?rest_route=%2Fwp%2Fv2%2Fmedia&parent=17441"}],"wp:term":[{"taxonomy":"product_cat","embeddable":true,"href":"https:\/\/tuszuj.pl\/index.php?rest_route=%2Fwp%2Fv2%2Fproduct_cat&post=17441"},{"taxonomy":"product_tag","embeddable":true,"href":"https:\/\/tuszuj.pl\/index.php?rest_route=%2Fwp%2Fv2%2Fproduct_tag&post=17441"}],"curies":[{"name":"wp","href":"https:\/\/api.w.org\/{rel}","templated":true}]}}