{"id":17453,"date":"2020-03-29T20:12:55","date_gmt":"2020-03-29T18:12:55","guid":{"rendered":"https:\/\/tuszuj.pl\/?product=import-placeholder-for-10620"},"modified":"2022-05-25T21:32:54","modified_gmt":"2022-05-25T19:32:54","slug":"tusz-wox-magenta-brother-lc-985-m-zamiennik-lc985m","status":"publish","type":"product","link":"https:\/\/tuszuj.pl\/?product=tusz-wox-magenta-brother-lc-985-m-zamiennik-lc985m","title":{"rendered":"Tusz Wox Magenta  BROTHER LC 985 M zamiennik LC985M"},"content":{"rendered":"<p>Kolor: magenta<br \/>\nWydajno\u015b\u0107: 25 ml<br \/>\nKompatybilno\u015b\u0107: Brother DCP-145C, Brother DCP-165C, Brother DCP-195C, Brother DCP-365CN, Brother DCP-375CW, Brother MFC-250C, Brother MFC-290C, Brother MFC-295CN, Brother DCP-J125, DCP-J315W, DCP-J515W, MFC-J220, DCP-J265W, DCP-J415W, MFC-J265W<br \/>\nBrother DCPJ125, DCPJ140W, DCPJ315W, DCPJ515W, Brother DCP145, DCP163C, DCP165C, DCP167C, DCP185C, DCP195C, DCP197C, DCP365CN, DCP373CW, Brother DCP375CW, DCP377CW, DCP383C, DCP385C, DCP387C, DCP395CN, DCP585CW, DCPJ715W, DCP6690CW<br \/>\nBrother MFC250C, MFC255CW, MFC290C, MFC295CN, MFC297C, MFC490CN, MFC490CW, MFC790CW, MFC795CW, Brother MFC990CW, MFC5490CN, MFC5890CN, MFC5895CW, MFC6490CW, MFC6690CW, MFC6890CDW, MFC6890CW, Brother MFCJ220, MFCJ265W, MFCJ410, MFCJ415W, MFCJ615W<\/p>\n","protected":false},"excerpt":{"rendered":"<p>Kolor: magenta Wydajno\u015b\u0107: 25 ml Kompatybilno\u015b\u0107: Brother DCP-145C, Brother DCP-165C, Brother DCP-195C, Brother DCP-365CN, Brother DCP-375CW, Brother MFC-250C, Brother MFC-290C, Brother MFC-295CN, Brother DCP-J125, DCP-J315W, DCP-J515W, MFC-J220, DCP-J265W, DCP-J415W, MFC-J265W Brother DCPJ125, DCPJ140W, DCPJ315W, DCPJ515W, Brother DCP145, DCP163C, DCP165C, DCP167C, DCP185C, DCP195C, DCP197C, DCP365CN, DCP373CW, Brother DCP375CW, DCP377CW, DCP383C, DCP385C, DCP387C, DCP395CN, DCP585CW, DCPJ715W, DCP6690CW [&hellip;]<\/p>\n","protected":false},"featured_media":10268,"template":"","meta":{"jetpack_post_was_ever_published":false,"jetpack_publicize_message":"","jetpack_publicize_feature_enabled":true,"jetpack_social_post_already_shared":true,"jetpack_social_options":{"image_generator_settings":{"template":"highway","enabled":false}}},"product_cat":[200,251,204],"product_tag":[],"jetpack_publicize_connections":[],"jetpack_sharing_enabled":true,"_links":{"self":[{"href":"https:\/\/tuszuj.pl\/index.php?rest_route=\/wp\/v2\/product\/17453"}],"collection":[{"href":"https:\/\/tuszuj.pl\/index.php?rest_route=\/wp\/v2\/product"}],"about":[{"href":"https:\/\/tuszuj.pl\/index.php?rest_route=\/wp\/v2\/types\/product"}],"wp:featuredmedia":[{"embeddable":true,"href":"https:\/\/tuszuj.pl\/index.php?rest_route=\/wp\/v2\/media\/10268"}],"wp:attachment":[{"href":"https:\/\/tuszuj.pl\/index.php?rest_route=%2Fwp%2Fv2%2Fmedia&parent=17453"}],"wp:term":[{"taxonomy":"product_cat","embeddable":true,"href":"https:\/\/tuszuj.pl\/index.php?rest_route=%2Fwp%2Fv2%2Fproduct_cat&post=17453"},{"taxonomy":"product_tag","embeddable":true,"href":"https:\/\/tuszuj.pl\/index.php?rest_route=%2Fwp%2Fv2%2Fproduct_tag&post=17453"}],"curies":[{"name":"wp","href":"https:\/\/api.w.org\/{rel}","templated":true}]}}