{"id":17923,"date":"2020-03-29T20:20:42","date_gmt":"2020-03-29T18:20:42","guid":{"rendered":"https:\/\/tuszuj.pl\/?product=brother-toner-tn-2010-black-1k"},"modified":"2024-06-10T22:19:35","modified_gmt":"2024-06-10T20:19:35","slug":"brother-toner-tn-2010-black-1k","status":"publish","type":"product","link":"https:\/\/tuszuj.pl\/?product=brother-toner-tn-2010-black-1k","title":{"rendered":"Brother Toner TN-2010 Black 1K"},"content":{"rendered":"<p>Kolor: czarny<br \/>\nWydajno\u015b\u0107: 1000<br \/>\nKompatybilno\u015b\u0107: Brother HL-2130, Brother HL-2135W, Brother DCP-7055, Brother DCP-7055W, Brother DCP-7057E<\/p>\n","protected":false},"excerpt":{"rendered":"<p>Kolor: czarny Wydajno\u015b\u0107: 1000 Kompatybilno\u015b\u0107: Brother HL-2130, Brother HL-2135W, Brother DCP-7055, Brother DCP-7055W, Brother DCP-7057E<\/p>\n","protected":false},"featured_media":25195,"template":"","meta":{"jetpack_post_was_ever_published":false,"jetpack_publicize_message":"","jetpack_publicize_feature_enabled":true,"jetpack_social_post_already_shared":true,"jetpack_social_options":{"image_generator_settings":{"template":"highway","enabled":false}}},"product_cat":[38,199,102],"product_tag":[],"jetpack_publicize_connections":[],"jetpack_sharing_enabled":true,"_links":{"self":[{"href":"https:\/\/tuszuj.pl\/index.php?rest_route=\/wp\/v2\/product\/17923"}],"collection":[{"href":"https:\/\/tuszuj.pl\/index.php?rest_route=\/wp\/v2\/product"}],"about":[{"href":"https:\/\/tuszuj.pl\/index.php?rest_route=\/wp\/v2\/types\/product"}],"wp:featuredmedia":[{"embeddable":true,"href":"https:\/\/tuszuj.pl\/index.php?rest_route=\/wp\/v2\/media\/25195"}],"wp:attachment":[{"href":"https:\/\/tuszuj.pl\/index.php?rest_route=%2Fwp%2Fv2%2Fmedia&parent=17923"}],"wp:term":[{"taxonomy":"product_cat","embeddable":true,"href":"https:\/\/tuszuj.pl\/index.php?rest_route=%2Fwp%2Fv2%2Fproduct_cat&post=17923"},{"taxonomy":"product_tag","embeddable":true,"href":"https:\/\/tuszuj.pl\/index.php?rest_route=%2Fwp%2Fv2%2Fproduct_tag&post=17923"}],"curies":[{"name":"wp","href":"https:\/\/api.w.org\/{rel}","templated":true}]}}