{"id":17933,"date":"2020-03-29T20:20:54","date_gmt":"2020-03-29T18:20:54","guid":{"rendered":"https:\/\/tuszuj.pl\/?product=brother-toner-tn-2320-black-26k"},"modified":"2024-06-10T22:19:36","modified_gmt":"2024-06-10T20:19:36","slug":"brother-toner-tn-2320-black-26k","status":"publish","type":"product","link":"https:\/\/tuszuj.pl\/?product=brother-toner-tn-2320-black-26k","title":{"rendered":"Brother Toner TN-2320 Black 2,6K"},"content":{"rendered":"<p>Kolor: czarny<br \/>\nWydajno\u015b\u0107: 2600<br \/>\nKompatybilno\u015b\u0107: Brother DCP-L2500D, Brother DCP-L2520DW, Brother DCP-L2540DN, Brother DCP-L2560DW, Brother HL-L2300D, Brother HL-L2340W, Brother HL-L2360DN, Brother HL-L2365DW, Brother MFC-L2700DN, Brother MFC-L2700DW, Brother MFC-L2720DW, Brother MFC-L2740DW<\/p>\n","protected":false},"excerpt":{"rendered":"<p>Kolor: czarny Wydajno\u015b\u0107: 2600 Kompatybilno\u015b\u0107: Brother DCP-L2500D, Brother DCP-L2520DW, Brother DCP-L2540DN, Brother DCP-L2560DW, Brother HL-L2300D, Brother HL-L2340W, Brother HL-L2360DN, Brother HL-L2365DW, Brother MFC-L2700DN, Brother MFC-L2700DW, Brother MFC-L2720DW, Brother MFC-L2740DW<\/p>\n","protected":false},"featured_media":25495,"template":"","meta":{"jetpack_post_was_ever_published":false,"jetpack_publicize_message":"","jetpack_publicize_feature_enabled":true,"jetpack_social_post_already_shared":true,"jetpack_social_options":{"image_generator_settings":{"template":"highway","enabled":false}}},"product_cat":[38,199,102],"product_tag":[],"jetpack_publicize_connections":[],"jetpack_sharing_enabled":true,"_links":{"self":[{"href":"https:\/\/tuszuj.pl\/index.php?rest_route=\/wp\/v2\/product\/17933"}],"collection":[{"href":"https:\/\/tuszuj.pl\/index.php?rest_route=\/wp\/v2\/product"}],"about":[{"href":"https:\/\/tuszuj.pl\/index.php?rest_route=\/wp\/v2\/types\/product"}],"wp:featuredmedia":[{"embeddable":true,"href":"https:\/\/tuszuj.pl\/index.php?rest_route=\/wp\/v2\/media\/25495"}],"wp:attachment":[{"href":"https:\/\/tuszuj.pl\/index.php?rest_route=%2Fwp%2Fv2%2Fmedia&parent=17933"}],"wp:term":[{"taxonomy":"product_cat","embeddable":true,"href":"https:\/\/tuszuj.pl\/index.php?rest_route=%2Fwp%2Fv2%2Fproduct_cat&post=17933"},{"taxonomy":"product_tag","embeddable":true,"href":"https:\/\/tuszuj.pl\/index.php?rest_route=%2Fwp%2Fv2%2Fproduct_tag&post=17933"}],"curies":[{"name":"wp","href":"https:\/\/api.w.org\/{rel}","templated":true}]}}