{"id":17946,"date":"2020-03-29T20:21:01","date_gmt":"2020-03-29T18:21:01","guid":{"rendered":"https:\/\/tuszuj.pl\/?product=brother-toner-tn-245m-magenta-22k"},"modified":"2022-05-22T12:18:57","modified_gmt":"2022-05-22T10:18:57","slug":"brother-toner-tn-245m-magenta-22k","status":"publish","type":"product","link":"https:\/\/tuszuj.pl\/?product=brother-toner-tn-245m-magenta-22k","title":{"rendered":"Brother Toner TN-245M Magenta 2,2K"},"content":{"rendered":"<p>Kolor: magenta<br \/>\nWydajno\u015b\u0107: 2200<br \/>\nKompatybilno\u015b\u0107: Brother DCP-9015CDW, Brother DCP-9017CDW, Brother DCP-9020CDW, Brother DCP-9022CDW, Brother HL-3140CW, Brother HL-3142CW, Brother HL-3150CDW, Brother HL-3152CDW, Brother HL-3170CDW, Brother HL-3170CDW, Brother MFC-9140CDN, Brother MFC-9142CDN, Brother MFC-9330CDW, Brother MFC-9332CDW, Brother MFC-9340CDW, Brother MFC-9342CDW<\/p>\n","protected":false},"excerpt":{"rendered":"<p>Kolor: magenta Wydajno\u015b\u0107: 2200 Kompatybilno\u015b\u0107: Brother DCP-9015CDW, Brother DCP-9017CDW, Brother DCP-9020CDW, Brother DCP-9022CDW, Brother HL-3140CW, Brother HL-3142CW, Brother HL-3150CDW, Brother HL-3152CDW, Brother HL-3170CDW, Brother HL-3170CDW, Brother MFC-9140CDN, Brother MFC-9142CDN, Brother MFC-9330CDW, Brother MFC-9332CDW, Brother MFC-9340CDW, Brother MFC-9342CDW<\/p>\n","protected":false},"featured_media":25501,"template":"","meta":{"jetpack_post_was_ever_published":false,"jetpack_publicize_message":"","jetpack_publicize_feature_enabled":true,"jetpack_social_post_already_shared":true,"jetpack_social_options":{"image_generator_settings":{"template":"highway","enabled":false}}},"product_cat":[38,199,102],"product_tag":[],"jetpack_publicize_connections":[],"jetpack_sharing_enabled":true,"_links":{"self":[{"href":"https:\/\/tuszuj.pl\/index.php?rest_route=\/wp\/v2\/product\/17946"}],"collection":[{"href":"https:\/\/tuszuj.pl\/index.php?rest_route=\/wp\/v2\/product"}],"about":[{"href":"https:\/\/tuszuj.pl\/index.php?rest_route=\/wp\/v2\/types\/product"}],"wp:featuredmedia":[{"embeddable":true,"href":"https:\/\/tuszuj.pl\/index.php?rest_route=\/wp\/v2\/media\/25501"}],"wp:attachment":[{"href":"https:\/\/tuszuj.pl\/index.php?rest_route=%2Fwp%2Fv2%2Fmedia&parent=17946"}],"wp:term":[{"taxonomy":"product_cat","embeddable":true,"href":"https:\/\/tuszuj.pl\/index.php?rest_route=%2Fwp%2Fv2%2Fproduct_cat&post=17946"},{"taxonomy":"product_tag","embeddable":true,"href":"https:\/\/tuszuj.pl\/index.php?rest_route=%2Fwp%2Fv2%2Fproduct_tag&post=17946"}],"curies":[{"name":"wp","href":"https:\/\/api.w.org\/{rel}","templated":true}]}}