{"id":17994,"date":"2020-03-29T20:21:38","date_gmt":"2020-03-29T18:21:38","guid":{"rendered":"https:\/\/tuszuj.pl\/?product=brother-toner-tn-423bk-black-65k"},"modified":"2022-05-22T12:17:22","modified_gmt":"2022-05-22T10:17:22","slug":"brother-toner-tn-423bk-black-65k","status":"publish","type":"product","link":"https:\/\/tuszuj.pl\/?product=brother-toner-tn-423bk-black-65k","title":{"rendered":"Brother Toner TN-423BK Black 6,5K"},"content":{"rendered":"<p>Kolor: black<br \/>\nWydajno\u015b\u0107: 6500<br \/>\nKompatybilno\u015b\u0107: Brother HLL8260CDW HLL8360CDW DCPL8410CDW MFCL8690CDW MFCL8900CDW<\/p>\n","protected":false},"excerpt":{"rendered":"<p>Kolor: black Wydajno\u015b\u0107: 6500 Kompatybilno\u015b\u0107: Brother HLL8260CDW HLL8360CDW DCPL8410CDW MFCL8690CDW MFCL8900CDW<\/p>\n","protected":false},"featured_media":25509,"template":"","meta":{"jetpack_post_was_ever_published":false,"jetpack_publicize_message":"","jetpack_publicize_feature_enabled":true,"jetpack_social_post_already_shared":true,"jetpack_social_options":{"image_generator_settings":{"template":"highway","enabled":false}}},"product_cat":[38,199,102],"product_tag":[],"jetpack_publicize_connections":[],"jetpack_sharing_enabled":true,"_links":{"self":[{"href":"https:\/\/tuszuj.pl\/index.php?rest_route=\/wp\/v2\/product\/17994"}],"collection":[{"href":"https:\/\/tuszuj.pl\/index.php?rest_route=\/wp\/v2\/product"}],"about":[{"href":"https:\/\/tuszuj.pl\/index.php?rest_route=\/wp\/v2\/types\/product"}],"wp:featuredmedia":[{"embeddable":true,"href":"https:\/\/tuszuj.pl\/index.php?rest_route=\/wp\/v2\/media\/25509"}],"wp:attachment":[{"href":"https:\/\/tuszuj.pl\/index.php?rest_route=%2Fwp%2Fv2%2Fmedia&parent=17994"}],"wp:term":[{"taxonomy":"product_cat","embeddable":true,"href":"https:\/\/tuszuj.pl\/index.php?rest_route=%2Fwp%2Fv2%2Fproduct_cat&post=17994"},{"taxonomy":"product_tag","embeddable":true,"href":"https:\/\/tuszuj.pl\/index.php?rest_route=%2Fwp%2Fv2%2Fproduct_tag&post=17994"}],"curies":[{"name":"wp","href":"https:\/\/api.w.org\/{rel}","templated":true}]}}