{"id":17997,"date":"2020-03-29T20:21:39","date_gmt":"2020-03-29T18:21:39","guid":{"rendered":"https:\/\/tuszuj.pl\/?product=brother-toner-tn-423y-yellow-4k"},"modified":"2022-05-22T12:16:06","modified_gmt":"2022-05-22T10:16:06","slug":"brother-toner-tn-423y-yellow-4k","status":"publish","type":"product","link":"https:\/\/tuszuj.pl\/?product=brother-toner-tn-423y-yellow-4k","title":{"rendered":"Brother Toner TN-423Y Yellow 4K"},"content":{"rendered":"<p>Kolor: yellow<br \/>\nWydajno\u015b\u0107: 4000<br \/>\nKompatybilno\u015b\u0107: Brother HLL8260CDW HLL8360CDW DCPL8410CDW MFCL8690CDW MFCL8900CDW<\/p>\n","protected":false},"excerpt":{"rendered":"<p>Kolor: yellow Wydajno\u015b\u0107: 4000 Kompatybilno\u015b\u0107: Brother HLL8260CDW HLL8360CDW DCPL8410CDW MFCL8690CDW MFCL8900CDW<\/p>\n","protected":false},"featured_media":25506,"template":"","meta":{"jetpack_post_was_ever_published":false,"jetpack_publicize_message":"","jetpack_publicize_feature_enabled":true,"jetpack_social_post_already_shared":true,"jetpack_social_options":{"image_generator_settings":{"template":"highway","enabled":false}}},"product_cat":[38,199,102],"product_tag":[],"jetpack_publicize_connections":[],"jetpack_sharing_enabled":true,"_links":{"self":[{"href":"https:\/\/tuszuj.pl\/index.php?rest_route=\/wp\/v2\/product\/17997"}],"collection":[{"href":"https:\/\/tuszuj.pl\/index.php?rest_route=\/wp\/v2\/product"}],"about":[{"href":"https:\/\/tuszuj.pl\/index.php?rest_route=\/wp\/v2\/types\/product"}],"wp:featuredmedia":[{"embeddable":true,"href":"https:\/\/tuszuj.pl\/index.php?rest_route=\/wp\/v2\/media\/25506"}],"wp:attachment":[{"href":"https:\/\/tuszuj.pl\/index.php?rest_route=%2Fwp%2Fv2%2Fmedia&parent=17997"}],"wp:term":[{"taxonomy":"product_cat","embeddable":true,"href":"https:\/\/tuszuj.pl\/index.php?rest_route=%2Fwp%2Fv2%2Fproduct_cat&post=17997"},{"taxonomy":"product_tag","embeddable":true,"href":"https:\/\/tuszuj.pl\/index.php?rest_route=%2Fwp%2Fv2%2Fproduct_tag&post=17997"}],"curies":[{"name":"wp","href":"https:\/\/api.w.org\/{rel}","templated":true}]}}