{"id":18013,"date":"2020-03-29T20:21:45","date_gmt":"2020-03-29T18:21:45","guid":{"rendered":"https:\/\/tuszuj.pl\/?product=brother-tusz-bt5000m-magenta-5k"},"modified":"2023-07-17T10:39:46","modified_gmt":"2023-07-17T08:39:46","slug":"brother-tusz-bt5000m-magenta-5k","status":"publish","type":"product","link":"https:\/\/tuszuj.pl\/?product=brother-tusz-bt5000m-magenta-5k","title":{"rendered":"Brother Tusz BT5000M Magenta 5K"},"content":{"rendered":"<p>Kolor: magenta<br \/>\nWydajno\u015b\u0107: 5000<br \/>\nKompatybilno\u015b\u0107: Brother DCP-T300, Brother DCP-T500W, Brother DCP-T700W, Brother MFC-T800W, Brother DCP-T310, Brother DCP-T510W, Brother DCP-T710W, Brother MFC-T910DW InkBenefit Plus<\/p>\n","protected":false},"excerpt":{"rendered":"<p>Kolor: magenta Wydajno\u015b\u0107: 5000 Kompatybilno\u015b\u0107: Brother DCP-T300, Brother DCP-T500W, Brother DCP-T700W, Brother MFC-T800W, Brother DCP-T310, Brother DCP-T510W, Brother DCP-T710W, Brother MFC-T910DW InkBenefit Plus<\/p>\n","protected":false},"featured_media":25374,"template":"","meta":{"jetpack_post_was_ever_published":false,"jetpack_publicize_message":"","jetpack_publicize_feature_enabled":true,"jetpack_social_post_already_shared":true,"jetpack_social_options":{"image_generator_settings":{"template":"highway","enabled":false}}},"product_cat":[103,199,101],"product_tag":[],"jetpack_publicize_connections":[],"jetpack_sharing_enabled":true,"_links":{"self":[{"href":"https:\/\/tuszuj.pl\/index.php?rest_route=\/wp\/v2\/product\/18013"}],"collection":[{"href":"https:\/\/tuszuj.pl\/index.php?rest_route=\/wp\/v2\/product"}],"about":[{"href":"https:\/\/tuszuj.pl\/index.php?rest_route=\/wp\/v2\/types\/product"}],"wp:featuredmedia":[{"embeddable":true,"href":"https:\/\/tuszuj.pl\/index.php?rest_route=\/wp\/v2\/media\/25374"}],"wp:attachment":[{"href":"https:\/\/tuszuj.pl\/index.php?rest_route=%2Fwp%2Fv2%2Fmedia&parent=18013"}],"wp:term":[{"taxonomy":"product_cat","embeddable":true,"href":"https:\/\/tuszuj.pl\/index.php?rest_route=%2Fwp%2Fv2%2Fproduct_cat&post=18013"},{"taxonomy":"product_tag","embeddable":true,"href":"https:\/\/tuszuj.pl\/index.php?rest_route=%2Fwp%2Fv2%2Fproduct_tag&post=18013"}],"curies":[{"name":"wp","href":"https:\/\/api.w.org\/{rel}","templated":true}]}}