{"id":18049,"date":"2020-03-29T20:22:07","date_gmt":"2020-03-29T18:22:07","guid":{"rendered":"https:\/\/tuszuj.pl\/?product=brother-tusz-lc123-cyan-600sh"},"modified":"2023-07-17T11:09:32","modified_gmt":"2023-07-17T09:09:32","slug":"brother-tusz-lc123-cyan-600sh","status":"publish","type":"product","link":"https:\/\/tuszuj.pl\/?product=brother-tusz-lc123-cyan-600sh","title":{"rendered":"Brother Tusz LC123 Cyan 600sh"},"content":{"rendered":"<p>Kolor: cyan<br \/>\nWydajno\u015b\u0107: 600<br \/>\nKompatybilno\u015b\u0107: Brother DCP-J132W, Brother DCP-J152W, Brother DCP-J172W, Brother DCP-J552DW, Brother DCP-J752DW, Brother DCP-J4110DW, Brother MFC-J245, Brother MFC-J470DW, Brother MFC-J650DW, Brother MFC-J870DW, Brother MFC-J4410DW, Brother MFC-J4510DW, Brother MFC-J4610DW, Brother MFC-J4710DW, Brother MFC-J6520DW, Brother MFC-J6720DW, Brother MFC-J6920DW<\/p>\n","protected":false},"excerpt":{"rendered":"<p>Kolor: cyan Wydajno\u015b\u0107: 600 Kompatybilno\u015b\u0107: Brother DCP-J132W, Brother DCP-J152W, Brother DCP-J172W, Brother DCP-J552DW, Brother DCP-J752DW, Brother DCP-J4110DW, Brother MFC-J245, Brother MFC-J470DW, Brother MFC-J650DW, Brother MFC-J870DW, Brother MFC-J4410DW, Brother MFC-J4510DW, Brother MFC-J4610DW, Brother MFC-J4710DW, Brother MFC-J6520DW, Brother MFC-J6720DW, Brother MFC-J6920DW<\/p>\n","protected":false},"featured_media":25426,"template":"","meta":{"jetpack_post_was_ever_published":false,"jetpack_publicize_message":"","jetpack_publicize_feature_enabled":true,"jetpack_social_post_already_shared":true,"jetpack_social_options":{"image_generator_settings":{"template":"highway","enabled":false}}},"product_cat":[103,199,101],"product_tag":[],"jetpack_publicize_connections":[],"jetpack_sharing_enabled":true,"_links":{"self":[{"href":"https:\/\/tuszuj.pl\/index.php?rest_route=\/wp\/v2\/product\/18049"}],"collection":[{"href":"https:\/\/tuszuj.pl\/index.php?rest_route=\/wp\/v2\/product"}],"about":[{"href":"https:\/\/tuszuj.pl\/index.php?rest_route=\/wp\/v2\/types\/product"}],"wp:featuredmedia":[{"embeddable":true,"href":"https:\/\/tuszuj.pl\/index.php?rest_route=\/wp\/v2\/media\/25426"}],"wp:attachment":[{"href":"https:\/\/tuszuj.pl\/index.php?rest_route=%2Fwp%2Fv2%2Fmedia&parent=18049"}],"wp:term":[{"taxonomy":"product_cat","embeddable":true,"href":"https:\/\/tuszuj.pl\/index.php?rest_route=%2Fwp%2Fv2%2Fproduct_cat&post=18049"},{"taxonomy":"product_tag","embeddable":true,"href":"https:\/\/tuszuj.pl\/index.php?rest_route=%2Fwp%2Fv2%2Fproduct_tag&post=18049"}],"curies":[{"name":"wp","href":"https:\/\/api.w.org\/{rel}","templated":true}]}}