{"id":18065,"date":"2020-03-29T20:22:21","date_gmt":"2020-03-29T18:22:21","guid":{"rendered":"https:\/\/tuszuj.pl\/?product=brother-tusz-lc1280xl-cmyk-4pack"},"modified":"2022-05-19T17:05:40","modified_gmt":"2022-05-19T15:05:40","slug":"brother-tusz-lc1280xl-cmyk-4pack","status":"publish","type":"product","link":"https:\/\/tuszuj.pl\/?product=brother-tusz-lc1280xl-cmyk-4pack","title":{"rendered":"Brother Tusz LC1280XL CMYK 4pack"},"content":{"rendered":"<p>Kolor: CMYK<br \/>\nWydajno\u015b\u0107: 2400 + 3&#215;1200<br \/>\nKompatybilno\u015b\u0107: Brother DCP-J525W, Brother DCP-J725DW, Brother DCP-J925DW, Brother MFC-J430W, Brother MFC-J625DW, Brother MFC-J825DW, Brother MFC-J5910DW, Brother MFC-J6510DW, Brother MFC-J6710DW, Brother MFC-J6910DW<\/p>\n","protected":false},"excerpt":{"rendered":"<p>Kolor: CMYK Wydajno\u015b\u0107: 2400 + 3&#215;1200 Kompatybilno\u015b\u0107: Brother DCP-J525W, Brother DCP-J725DW, Brother DCP-J925DW, Brother MFC-J430W, Brother MFC-J625DW, Brother MFC-J825DW, Brother MFC-J5910DW, Brother MFC-J6510DW, Brother MFC-J6710DW, Brother MFC-J6910DW<\/p>\n","protected":false},"featured_media":25418,"template":"","meta":{"jetpack_post_was_ever_published":false,"jetpack_publicize_message":"","jetpack_publicize_feature_enabled":true,"jetpack_social_post_already_shared":true,"jetpack_social_options":{"image_generator_settings":{"template":"highway","enabled":false}}},"product_cat":[103,199,101],"product_tag":[],"jetpack_publicize_connections":[],"jetpack_sharing_enabled":true,"_links":{"self":[{"href":"https:\/\/tuszuj.pl\/index.php?rest_route=\/wp\/v2\/product\/18065"}],"collection":[{"href":"https:\/\/tuszuj.pl\/index.php?rest_route=\/wp\/v2\/product"}],"about":[{"href":"https:\/\/tuszuj.pl\/index.php?rest_route=\/wp\/v2\/types\/product"}],"wp:featuredmedia":[{"embeddable":true,"href":"https:\/\/tuszuj.pl\/index.php?rest_route=\/wp\/v2\/media\/25418"}],"wp:attachment":[{"href":"https:\/\/tuszuj.pl\/index.php?rest_route=%2Fwp%2Fv2%2Fmedia&parent=18065"}],"wp:term":[{"taxonomy":"product_cat","embeddable":true,"href":"https:\/\/tuszuj.pl\/index.php?rest_route=%2Fwp%2Fv2%2Fproduct_cat&post=18065"},{"taxonomy":"product_tag","embeddable":true,"href":"https:\/\/tuszuj.pl\/index.php?rest_route=%2Fwp%2Fv2%2Fproduct_tag&post=18065"}],"curies":[{"name":"wp","href":"https:\/\/api.w.org\/{rel}","templated":true}]}}