{"id":18073,"date":"2020-03-29T20:22:23","date_gmt":"2020-03-29T18:22:23","guid":{"rendered":"https:\/\/tuszuj.pl\/?product=brother-tusz-lc223c-cyan"},"modified":"2022-05-27T22:09:28","modified_gmt":"2022-05-27T20:09:28","slug":"brother-tusz-lc223c-cyan","status":"publish","type":"product","link":"https:\/\/tuszuj.pl\/?product=brother-tusz-lc223c-cyan","title":{"rendered":"Brother Tusz LC223C Cyan"},"content":{"rendered":"<p>Kolor: cyan<br \/>\nWydajno\u015b\u0107: 550<br \/>\nKompatybilno\u015b\u0107: Brother DCP-J4120DW, Brother MFC-J4420DW, Brother MFC-J4620DW, Brother MFC-J4625DW, Brother MFC-J5320DW, Brother MFC-J5620DW, Brother MFC-J5625DW, Brother MFC-J5720DW<\/p>\n","protected":false},"excerpt":{"rendered":"<p>Kolor: cyan Wydajno\u015b\u0107: 550 Kompatybilno\u015b\u0107: Brother DCP-J4120DW, Brother MFC-J4420DW, Brother MFC-J4620DW, Brother MFC-J4625DW, Brother MFC-J5320DW, Brother MFC-J5620DW, Brother MFC-J5625DW, Brother MFC-J5720DW<\/p>\n","protected":false},"featured_media":25479,"template":"","meta":{"jetpack_post_was_ever_published":false,"jetpack_publicize_message":"","jetpack_publicize_feature_enabled":true,"jetpack_social_post_already_shared":true,"jetpack_social_options":{"image_generator_settings":{"template":"highway","enabled":false}}},"product_cat":[103,199,101],"product_tag":[],"jetpack_publicize_connections":[],"jetpack_sharing_enabled":true,"_links":{"self":[{"href":"https:\/\/tuszuj.pl\/index.php?rest_route=\/wp\/v2\/product\/18073"}],"collection":[{"href":"https:\/\/tuszuj.pl\/index.php?rest_route=\/wp\/v2\/product"}],"about":[{"href":"https:\/\/tuszuj.pl\/index.php?rest_route=\/wp\/v2\/types\/product"}],"wp:featuredmedia":[{"embeddable":true,"href":"https:\/\/tuszuj.pl\/index.php?rest_route=\/wp\/v2\/media\/25479"}],"wp:attachment":[{"href":"https:\/\/tuszuj.pl\/index.php?rest_route=%2Fwp%2Fv2%2Fmedia&parent=18073"}],"wp:term":[{"taxonomy":"product_cat","embeddable":true,"href":"https:\/\/tuszuj.pl\/index.php?rest_route=%2Fwp%2Fv2%2Fproduct_cat&post=18073"},{"taxonomy":"product_tag","embeddable":true,"href":"https:\/\/tuszuj.pl\/index.php?rest_route=%2Fwp%2Fv2%2Fproduct_tag&post=18073"}],"curies":[{"name":"wp","href":"https:\/\/api.w.org\/{rel}","templated":true}]}}