{"id":18101,"date":"2020-03-29T20:22:43","date_gmt":"2020-03-29T18:22:43","guid":{"rendered":"https:\/\/tuszuj.pl\/?product=brother-tusz-lc3619xly-yellow-15k"},"modified":"2022-05-19T16:52:22","modified_gmt":"2022-05-19T14:52:22","slug":"brother-tusz-lc3619xly-yellow-15k","status":"publish","type":"product","link":"https:\/\/tuszuj.pl\/?product=brother-tusz-lc3619xly-yellow-15k","title":{"rendered":"Brother Tusz LC3619XLY Yellow 1,5K"},"content":{"rendered":"<p>Kolor: yellow<br \/>\nWydajno\u015b\u0107: 1500<br \/>\nKompatybilno\u015b\u0107: Brother MFC-J2330DW, Brother MFC-J2730DW, Brother MFC-J3530DW, Brother MFC-J3590DW, Brother MFC-J3930DW<\/p>\n","protected":false},"excerpt":{"rendered":"<p>Kolor: yellow Wydajno\u015b\u0107: 1500 Kompatybilno\u015b\u0107: Brother MFC-J2330DW, Brother MFC-J2730DW, Brother MFC-J3530DW, Brother MFC-J3590DW, Brother MFC-J3930DW<\/p>\n","protected":false},"featured_media":25462,"template":"","meta":{"jetpack_post_was_ever_published":false,"jetpack_publicize_message":"","jetpack_publicize_feature_enabled":true,"jetpack_social_post_already_shared":true,"jetpack_social_options":{"image_generator_settings":{"template":"highway","enabled":false}}},"product_cat":[103,199,101],"product_tag":[],"jetpack_publicize_connections":[],"jetpack_sharing_enabled":true,"_links":{"self":[{"href":"https:\/\/tuszuj.pl\/index.php?rest_route=\/wp\/v2\/product\/18101"}],"collection":[{"href":"https:\/\/tuszuj.pl\/index.php?rest_route=\/wp\/v2\/product"}],"about":[{"href":"https:\/\/tuszuj.pl\/index.php?rest_route=\/wp\/v2\/types\/product"}],"wp:featuredmedia":[{"embeddable":true,"href":"https:\/\/tuszuj.pl\/index.php?rest_route=\/wp\/v2\/media\/25462"}],"wp:attachment":[{"href":"https:\/\/tuszuj.pl\/index.php?rest_route=%2Fwp%2Fv2%2Fmedia&parent=18101"}],"wp:term":[{"taxonomy":"product_cat","embeddable":true,"href":"https:\/\/tuszuj.pl\/index.php?rest_route=%2Fwp%2Fv2%2Fproduct_cat&post=18101"},{"taxonomy":"product_tag","embeddable":true,"href":"https:\/\/tuszuj.pl\/index.php?rest_route=%2Fwp%2Fv2%2Fproduct_tag&post=18101"}],"curies":[{"name":"wp","href":"https:\/\/api.w.org\/{rel}","templated":true}]}}