{"id":18102,"date":"2020-03-29T20:22:44","date_gmt":"2020-03-29T18:22:44","guid":{"rendered":"https:\/\/tuszuj.pl\/?product=brother-tusz-lc525xlc-cyan-1300sh"},"modified":"2022-05-19T16:45:22","modified_gmt":"2022-05-19T14:45:22","slug":"brother-tusz-lc525xlc-cyan-1300sh","status":"publish","type":"product","link":"https:\/\/tuszuj.pl\/?product=brother-tusz-lc525xlc-cyan-1300sh","title":{"rendered":"Brother Tusz LC525XLC Cyan 1300sh"},"content":{"rendered":"<p>Kolor: cyan<br \/>\nWydajno\u015b\u0107: 1300 stron<br \/>\nKompatybilno\u015b\u0107: Brother DCP-J100, Brother DCP-J105, Brother MFC-J200<\/p>\n","protected":false},"excerpt":{"rendered":"<p>Kolor: cyan Wydajno\u015b\u0107: 1300 stron Kompatybilno\u015b\u0107: Brother DCP-J100, Brother DCP-J105, Brother MFC-J200<\/p>\n","protected":false},"featured_media":24830,"template":"","meta":{"jetpack_post_was_ever_published":false,"jetpack_publicize_message":"","jetpack_publicize_feature_enabled":true,"jetpack_social_post_already_shared":true,"jetpack_social_options":{"image_generator_settings":{"template":"highway","enabled":false}}},"product_cat":[103,199,101],"product_tag":[],"jetpack_publicize_connections":[],"jetpack_sharing_enabled":true,"_links":{"self":[{"href":"https:\/\/tuszuj.pl\/index.php?rest_route=\/wp\/v2\/product\/18102"}],"collection":[{"href":"https:\/\/tuszuj.pl\/index.php?rest_route=\/wp\/v2\/product"}],"about":[{"href":"https:\/\/tuszuj.pl\/index.php?rest_route=\/wp\/v2\/types\/product"}],"wp:featuredmedia":[{"embeddable":true,"href":"https:\/\/tuszuj.pl\/index.php?rest_route=\/wp\/v2\/media\/24830"}],"wp:attachment":[{"href":"https:\/\/tuszuj.pl\/index.php?rest_route=%2Fwp%2Fv2%2Fmedia&parent=18102"}],"wp:term":[{"taxonomy":"product_cat","embeddable":true,"href":"https:\/\/tuszuj.pl\/index.php?rest_route=%2Fwp%2Fv2%2Fproduct_cat&post=18102"},{"taxonomy":"product_tag","embeddable":true,"href":"https:\/\/tuszuj.pl\/index.php?rest_route=%2Fwp%2Fv2%2Fproduct_tag&post=18102"}],"curies":[{"name":"wp","href":"https:\/\/api.w.org\/{rel}","templated":true}]}}