{"id":18105,"date":"2020-03-29T20:22:46","date_gmt":"2020-03-29T18:22:46","guid":{"rendered":"https:\/\/tuszuj.pl\/?product=brother-tusz-lc529xlbk-black-2400sh"},"modified":"2024-05-10T11:44:42","modified_gmt":"2024-05-10T09:44:42","slug":"brother-tusz-lc529xlbk-black-2400sh","status":"publish","type":"product","link":"https:\/\/tuszuj.pl\/?product=brother-tusz-lc529xlbk-black-2400sh","title":{"rendered":"Brother Tusz LC529XLBK Black 2400sh"},"content":{"rendered":"<p>Kolor: black<br \/>\nWydajno\u015b\u0107: 2400 stron<br \/>\nKompatybilno\u015b\u0107: Brother DCP-J100, Brother DCP-J105, Brother MFC-J200<\/p>\n","protected":false},"excerpt":{"rendered":"<p>Kolor: black Wydajno\u015b\u0107: 2400 stron Kompatybilno\u015b\u0107: Brother DCP-J100, Brother DCP-J105, Brother MFC-J200<\/p>\n","protected":false},"featured_media":24840,"template":"","meta":{"jetpack_post_was_ever_published":false,"jetpack_publicize_message":"","jetpack_publicize_feature_enabled":true,"jetpack_social_post_already_shared":true,"jetpack_social_options":{"image_generator_settings":{"template":"highway","enabled":false}}},"product_cat":[103,199,101],"product_tag":[],"jetpack_publicize_connections":[],"jetpack_sharing_enabled":true,"_links":{"self":[{"href":"https:\/\/tuszuj.pl\/index.php?rest_route=\/wp\/v2\/product\/18105"}],"collection":[{"href":"https:\/\/tuszuj.pl\/index.php?rest_route=\/wp\/v2\/product"}],"about":[{"href":"https:\/\/tuszuj.pl\/index.php?rest_route=\/wp\/v2\/types\/product"}],"wp:featuredmedia":[{"embeddable":true,"href":"https:\/\/tuszuj.pl\/index.php?rest_route=\/wp\/v2\/media\/24840"}],"wp:attachment":[{"href":"https:\/\/tuszuj.pl\/index.php?rest_route=%2Fwp%2Fv2%2Fmedia&parent=18105"}],"wp:term":[{"taxonomy":"product_cat","embeddable":true,"href":"https:\/\/tuszuj.pl\/index.php?rest_route=%2Fwp%2Fv2%2Fproduct_cat&post=18105"},{"taxonomy":"product_tag","embeddable":true,"href":"https:\/\/tuszuj.pl\/index.php?rest_route=%2Fwp%2Fv2%2Fproduct_tag&post=18105"}],"curies":[{"name":"wp","href":"https:\/\/api.w.org\/{rel}","templated":true}]}}