{"id":18106,"date":"2020-03-29T20:22:46","date_gmt":"2020-03-29T18:22:46","guid":{"rendered":"https:\/\/tuszuj.pl\/?product=brother-tusz-lc980-black"},"modified":"2022-05-19T16:42:19","modified_gmt":"2022-05-19T14:42:19","slug":"brother-tusz-lc980-black","status":"publish","type":"product","link":"https:\/\/tuszuj.pl\/?product=brother-tusz-lc980-black","title":{"rendered":"Brother Tusz LC980 Black"},"content":{"rendered":"<p>Kolor: black<br \/>\nWydajno\u015b\u0107: 300 stron<br \/>\nKompatybilno\u015b\u0107: Brother DCP-145C, Brother DCP-165C, Brother DCP-195C, Brother DCP-365CN, Brother DCP-375CW, Brother MFC-250C, Brother MFC-290C, Brother MFC-295CN<\/p>\n","protected":false},"excerpt":{"rendered":"<p>Kolor: black Wydajno\u015b\u0107: 300 stron Kompatybilno\u015b\u0107: Brother DCP-145C, Brother DCP-165C, Brother DCP-195C, Brother DCP-365CN, Brother DCP-375CW, Brother MFC-250C, Brother MFC-290C, Brother MFC-295CN<\/p>\n","protected":false},"featured_media":25458,"template":"","meta":{"jetpack_post_was_ever_published":false,"jetpack_publicize_message":"","jetpack_publicize_feature_enabled":true,"jetpack_social_post_already_shared":true,"jetpack_social_options":{"image_generator_settings":{"template":"highway","enabled":false}}},"product_cat":[103,199,101],"product_tag":[],"jetpack_publicize_connections":[],"jetpack_sharing_enabled":true,"_links":{"self":[{"href":"https:\/\/tuszuj.pl\/index.php?rest_route=\/wp\/v2\/product\/18106"}],"collection":[{"href":"https:\/\/tuszuj.pl\/index.php?rest_route=\/wp\/v2\/product"}],"about":[{"href":"https:\/\/tuszuj.pl\/index.php?rest_route=\/wp\/v2\/types\/product"}],"wp:featuredmedia":[{"embeddable":true,"href":"https:\/\/tuszuj.pl\/index.php?rest_route=\/wp\/v2\/media\/25458"}],"wp:attachment":[{"href":"https:\/\/tuszuj.pl\/index.php?rest_route=%2Fwp%2Fv2%2Fmedia&parent=18106"}],"wp:term":[{"taxonomy":"product_cat","embeddable":true,"href":"https:\/\/tuszuj.pl\/index.php?rest_route=%2Fwp%2Fv2%2Fproduct_cat&post=18106"},{"taxonomy":"product_tag","embeddable":true,"href":"https:\/\/tuszuj.pl\/index.php?rest_route=%2Fwp%2Fv2%2Fproduct_tag&post=18106"}],"curies":[{"name":"wp","href":"https:\/\/api.w.org\/{rel}","templated":true}]}}