{"id":18111,"date":"2020-03-29T20:22:48","date_gmt":"2020-03-29T18:22:48","guid":{"rendered":"https:\/\/tuszuj.pl\/?product=brother-tusz-lc985-black-300sh"},"modified":"2022-05-19T16:35:24","modified_gmt":"2022-05-19T14:35:24","slug":"brother-tusz-lc985-black-300sh","status":"publish","type":"product","link":"https:\/\/tuszuj.pl\/?product=brother-tusz-lc985-black-300sh","title":{"rendered":"Brother Tusz LC985 Black 300sh"},"content":{"rendered":"<p>Kolor: black<br \/>\nWydajno\u015b\u0107: 300<br \/>\nKompatybilno\u015b\u0107: Brother DCPJ125, Brother DCP140W, Brother DCPJ315W, Brother DCPJ515W, Brother MFCJ220, Brother MFCJ265W, Brother MFCJ415W<\/p>\n","protected":false},"excerpt":{"rendered":"<p>Kolor: black Wydajno\u015b\u0107: 300 Kompatybilno\u015b\u0107: Brother DCPJ125, Brother DCP140W, Brother DCPJ315W, Brother DCPJ515W, Brother MFCJ220, Brother MFCJ265W, Brother MFCJ415W<\/p>\n","protected":false},"featured_media":25448,"template":"","meta":{"jetpack_post_was_ever_published":false,"jetpack_publicize_message":"","jetpack_publicize_feature_enabled":true,"jetpack_social_post_already_shared":true,"jetpack_social_options":{"image_generator_settings":{"template":"highway","enabled":false}}},"product_cat":[103,199,101],"product_tag":[],"jetpack_publicize_connections":[],"jetpack_sharing_enabled":true,"_links":{"self":[{"href":"https:\/\/tuszuj.pl\/index.php?rest_route=\/wp\/v2\/product\/18111"}],"collection":[{"href":"https:\/\/tuszuj.pl\/index.php?rest_route=\/wp\/v2\/product"}],"about":[{"href":"https:\/\/tuszuj.pl\/index.php?rest_route=\/wp\/v2\/types\/product"}],"wp:featuredmedia":[{"embeddable":true,"href":"https:\/\/tuszuj.pl\/index.php?rest_route=\/wp\/v2\/media\/25448"}],"wp:attachment":[{"href":"https:\/\/tuszuj.pl\/index.php?rest_route=%2Fwp%2Fv2%2Fmedia&parent=18111"}],"wp:term":[{"taxonomy":"product_cat","embeddable":true,"href":"https:\/\/tuszuj.pl\/index.php?rest_route=%2Fwp%2Fv2%2Fproduct_cat&post=18111"},{"taxonomy":"product_tag","embeddable":true,"href":"https:\/\/tuszuj.pl\/index.php?rest_route=%2Fwp%2Fv2%2Fproduct_tag&post=18111"}],"curies":[{"name":"wp","href":"https:\/\/api.w.org\/{rel}","templated":true}]}}