{"id":18112,"date":"2020-03-29T20:22:56","date_gmt":"2020-03-29T18:22:56","guid":{"rendered":"https:\/\/tuszuj.pl\/?product=brother-tusz-lc985-cmyk-4pack"},"modified":"2022-05-19T16:31:18","modified_gmt":"2022-05-19T14:31:18","slug":"brother-tusz-lc985-cmyk-4pack","status":"publish","type":"product","link":"https:\/\/tuszuj.pl\/?product=brother-tusz-lc985-cmyk-4pack","title":{"rendered":"Brother Tusz LC985 CMYK 4pack"},"content":{"rendered":"<p>Kolor: CMYK<br \/>\nWydajno\u015b\u0107: 300 + 3&#215;260<br \/>\nKompatybilno\u015b\u0107: Brother DCPJ125, Brother DCP140W, Brother DCPJ315W, Brother DCPJ515W, Brother MFCJ220, Brother MFCJ265W, Brother MFCJ415W<\/p>\n","protected":false},"excerpt":{"rendered":"<p>Kolor: CMYK Wydajno\u015b\u0107: 300 + 3&#215;260 Kompatybilno\u015b\u0107: Brother DCPJ125, Brother DCP140W, Brother DCPJ315W, Brother DCPJ515W, Brother MFCJ220, Brother MFCJ265W, Brother MFCJ415W<\/p>\n","protected":false},"featured_media":25450,"template":"","meta":{"jetpack_post_was_ever_published":false,"jetpack_publicize_message":"","jetpack_publicize_feature_enabled":true,"jetpack_social_post_already_shared":true,"jetpack_social_options":{"image_generator_settings":{"template":"highway","enabled":false}}},"product_cat":[103,199,101],"product_tag":[],"jetpack_publicize_connections":[],"jetpack_sharing_enabled":true,"_links":{"self":[{"href":"https:\/\/tuszuj.pl\/index.php?rest_route=\/wp\/v2\/product\/18112"}],"collection":[{"href":"https:\/\/tuszuj.pl\/index.php?rest_route=\/wp\/v2\/product"}],"about":[{"href":"https:\/\/tuszuj.pl\/index.php?rest_route=\/wp\/v2\/types\/product"}],"wp:featuredmedia":[{"embeddable":true,"href":"https:\/\/tuszuj.pl\/index.php?rest_route=\/wp\/v2\/media\/25450"}],"wp:attachment":[{"href":"https:\/\/tuszuj.pl\/index.php?rest_route=%2Fwp%2Fv2%2Fmedia&parent=18112"}],"wp:term":[{"taxonomy":"product_cat","embeddable":true,"href":"https:\/\/tuszuj.pl\/index.php?rest_route=%2Fwp%2Fv2%2Fproduct_cat&post=18112"},{"taxonomy":"product_tag","embeddable":true,"href":"https:\/\/tuszuj.pl\/index.php?rest_route=%2Fwp%2Fv2%2Fproduct_tag&post=18112"}],"curies":[{"name":"wp","href":"https:\/\/api.w.org\/{rel}","templated":true}]}}